{"id":2381,"date":"2020-12-03T17:01:45","date_gmt":"2020-12-03T15:01:45","guid":{"rendered":"https:\/\/www.lesjouetsvoyageurs.com\/?post_type=product&#038;p=2381"},"modified":"2022-09-18T17:45:09","modified_gmt":"2022-09-18T15:45:09","slug":"puzzle-sonore-animaux-jungle","status":"publish","type":"product","link":"https:\/\/www.lesjouetsvoyageurs.com\/location\/jouets\/puzzle-sonore-animaux-jungle\/","title":{"rendered":"Puzzle sonore des animaux de la Jungle"},"content":{"rendered":"<p>Ce puzzle comporte 6 pi\u00e8ces en bois \u00e0 encastrer repr\u00e9sentant un \u00e9l\u00e9phant, un singe, un lion, un oiseau, un z\u00e8bre et un crocodile. Lorsque b\u00e9b\u00e9 replace un animal \u00e0 sa place, le puzzle \u00e9met un son.<\/p>\n<p>Ce jouet de la marque Vertbaudet est issu du r\u00e9emploi. Il a \u00e9t\u00e9 contr\u00f4l\u00e9, nettoy\u00e9 et st\u00e9rilis\u00e9 pour avoir une nouvelle vie. La pile a \u00e9galement \u00e9t\u00e9 contr\u00f4l\u00e9e et, si besoin, remplac\u00e9e par une pile rechargeable \u00e0 nous retourner avec le jouet. Disponible en tr\u00e8s peu d&rsquo;exemplaires et, contrairement \u00e0 d&rsquo;autres marques, nous ne pourrons pas effectuer de r\u00e9assort en cas de rupture.<\/p>\n<p>\ud83d\udc49\u00a0 En savoir plus sur notre d\u00e9marche de r\u00e9emploi<span style=\"font-size: 14.4px;\">.<\/span><\/p>\n<p><span style=\"font-size: 14.4px;\">\ud83d\udc95 A proposer \u00e0 partir de 10 mois.<\/span><\/p>\n<p>Dimensions : Environ 26 cm de largeur, 19 cm de hauteur et 2 cm d&rsquo;\u00e9paisseur.<\/p>\n<p>LE PRIX ABONN\u00c9 C&rsquo;EST QUOI?<br \/>\nVous avez un coup de coeur pour un jouet propos\u00e9 \u00e0 la location?<br \/>\nNous vous proposons de garder chaque jouet lou\u00e9 \u00e0 un prix pr\u00e9f\u00e9rentiel, clairement indiqu\u00e9 sur chaque fiche.<\/p>\n","protected":false},"excerpt":{"rendered":"<p>Puzzle sonore des animaux de la jungle \ud83e\udd81<\/p>\n<p>\u2764 Pour les petits d\u00e8s 10 mois<br \/>\n\u2764 Effet sonore lorsqu&rsquo;une pi\u00e8ce est encastr\u00e9e \ud83c\udfb5<br \/>\n\u2764 Couleurs douces<\/p>\n","protected":false},"featured_media":2382,"template":"","meta":[],"product_cat":[15],"product_tag":[],"_links":{"self":[{"href":"https:\/\/www.lesjouetsvoyageurs.com\/location\/wp-json\/wp\/v2\/product\/2381"}],"collection":[{"href":"https:\/\/www.lesjouetsvoyageurs.com\/location\/wp-json\/wp\/v2\/product"}],"about":[{"href":"https:\/\/www.lesjouetsvoyageurs.com\/location\/wp-json\/wp\/v2\/types\/product"}],"wp:featuredmedia":[{"embeddable":true,"href":"https:\/\/www.lesjouetsvoyageurs.com\/location\/wp-json\/wp\/v2\/media\/2382"}],"wp:attachment":[{"href":"https:\/\/www.lesjouetsvoyageurs.com\/location\/wp-json\/wp\/v2\/media?parent=2381"}],"wp:term":[{"taxonomy":"product_cat","embeddable":true,"href":"https:\/\/www.lesjouetsvoyageurs.com\/location\/wp-json\/wp\/v2\/product_cat?post=2381"},{"taxonomy":"product_tag","embeddable":true,"href":"https:\/\/www.lesjouetsvoyageurs.com\/location\/wp-json\/wp\/v2\/product_tag?post=2381"}],"curies":[{"name":"wp","href":"https:\/\/api.w.org\/{rel}","templated":true}]}}