{"id":2457,"date":"2020-12-05T18:07:52","date_gmt":"2020-12-05T16:07:52","guid":{"rendered":"https:\/\/www.lesjouetsvoyageurs.com\/?post_type=product&#038;p=2457"},"modified":"2022-12-19T12:01:50","modified_gmt":"2022-12-19T10:01:50","slug":"roller-plan-toys","status":"publish","type":"product","link":"https:\/\/www.lesjouetsvoyageurs.com\/location\/jouets\/roller-plan-toys\/","title":{"rendered":"Hochet \u00e0 faire rouler pastel &#8211; Plan Toys"},"content":{"rendered":"<p>Un hochet pastel avec trois petits champignons de la marque Plan Toys.<br \/>\nA proposer \u00e0 b\u00e9b\u00e9 d\u00e8s la naissance.<\/p>\n<p>Envie d&rsquo;en savoir plus sur les engagements de la marque?<br \/>\n\ud83d\udc49 <a href=\"https:\/\/www.plantoys.com\/child-development\" target=\"_blank\" rel=\"noopener\">Consultez la pr\u00e9sentation de PlanToys.<\/a><\/p>\n<p><span style=\"font-size: 14.4px;\">\ud83d\udc95 Un hochet pour accompagner les premiers mois de b\u00e9b\u00e9.<\/span><\/p>\n<p>LE PRIX ABONN\u00c9 C&rsquo;EST QUOI?<br \/>\nVous avez un coup de coeur pour un jouet propos\u00e9 \u00e0 la location?<br \/>\nNous vous proposons de garder chaque jouet lou\u00e9 \u00e0 un prix pr\u00e9f\u00e9rentiel, clairement indiqu\u00e9 sur chaque fiche.<\/p>\n","protected":false},"excerpt":{"rendered":"<p>Un petit jouet \u00e0 faire rouler d\u00e8s 6 mois<\/p>\n<p>\u2764 Des couleurs toutes douces<br \/>\n\u2764 Petit grelot \u00e0 l&rsquo;int\u00e9rieur \ud83c\udfb6<br \/>\n\u2764 En b<span style=\"font-size: 14.4px;\">ois d&rsquo;h\u00e9v\u00e9a durable \ud83c\udf3f<\/span><\/p>\n","protected":false},"featured_media":2460,"template":"","meta":[],"product_cat":[15],"product_tag":[],"_links":{"self":[{"href":"https:\/\/www.lesjouetsvoyageurs.com\/location\/wp-json\/wp\/v2\/product\/2457"}],"collection":[{"href":"https:\/\/www.lesjouetsvoyageurs.com\/location\/wp-json\/wp\/v2\/product"}],"about":[{"href":"https:\/\/www.lesjouetsvoyageurs.com\/location\/wp-json\/wp\/v2\/types\/product"}],"wp:featuredmedia":[{"embeddable":true,"href":"https:\/\/www.lesjouetsvoyageurs.com\/location\/wp-json\/wp\/v2\/media\/2460"}],"wp:attachment":[{"href":"https:\/\/www.lesjouetsvoyageurs.com\/location\/wp-json\/wp\/v2\/media?parent=2457"}],"wp:term":[{"taxonomy":"product_cat","embeddable":true,"href":"https:\/\/www.lesjouetsvoyageurs.com\/location\/wp-json\/wp\/v2\/product_cat?post=2457"},{"taxonomy":"product_tag","embeddable":true,"href":"https:\/\/www.lesjouetsvoyageurs.com\/location\/wp-json\/wp\/v2\/product_tag?post=2457"}],"curies":[{"name":"wp","href":"https:\/\/api.w.org\/{rel}","templated":true}]}}