{"id":2476,"date":"2020-12-06T18:22:43","date_gmt":"2020-12-06T16:22:43","guid":{"rendered":"https:\/\/www.lesjouetsvoyageurs.com\/?post_type=product&#038;p=2476"},"modified":"2023-08-23T20:24:09","modified_gmt":"2023-08-23T18:24:09","slug":"cubes-imbriques-plan-toys","status":"publish","type":"product","link":"https:\/\/www.lesjouetsvoyageurs.com\/location\/jouets\/cubes-imbriques-plan-toys\/","title":{"rendered":"Cubes \u00e0 imbriquer &#8211; Plan Toys"},"content":{"rendered":"<p>Cette collection de jouets Plantoys permet l&rsquo;apprentissage des formes, des tailles et des couleurs. L&rsquo;enfant peut empiler les 3 \u00e9l\u00e9ments ou les imbriquer. Cet ensemble comprend un cube plein et deux cubes creux, \u00e0 proposer aux enfants d\u00e8s 12 mois.<\/p>\n<p>Envie d&rsquo;en savoir plus sur les engagements de la marque?<br \/>\n\ud83d\udc49 <a href=\"https:\/\/www.plantoys.com\/child-development\" target=\"_blank\" rel=\"noopener\">Consultez la pr\u00e9sentation de PlanToys.<\/a><\/p>\n<p><span style=\"font-size: 14.4px;\">\ud83d\udc95 A proposer d\u00e8s 12 mois.<\/span><\/p>\n<p>Le plus grand cube fait 8,8 cm de c\u00f4t\u00e9.<\/p>\n<p>LE PRIX ABONN\u00c9 C&rsquo;EST QUOI?<br \/>\nVous avez un coup de coeur pour un jouet propos\u00e9 \u00e0 la location?<br \/>\nNous vous proposons de garder chaque jouet lou\u00e9 \u00e0 un prix pr\u00e9f\u00e9rentiel, clairement indiqu\u00e9 sur chaque fiche.<\/p>\n","protected":false},"excerpt":{"rendered":"<p>Un jeu qui d\u00e9veloppe la coordination et la pr\u00e9cision<\/p>\n<p>\u2764 A proposer d\u00e8s 12 mois<br \/>\n\u2764 Familiarise avec les formes et les volumes<br \/>\n\u2764 Mat\u00e9riau \u00e9cologique \ud83c\udf3f<\/p>\n","protected":false},"featured_media":2478,"template":"","meta":[],"product_cat":[15],"product_tag":[],"_links":{"self":[{"href":"https:\/\/www.lesjouetsvoyageurs.com\/location\/wp-json\/wp\/v2\/product\/2476"}],"collection":[{"href":"https:\/\/www.lesjouetsvoyageurs.com\/location\/wp-json\/wp\/v2\/product"}],"about":[{"href":"https:\/\/www.lesjouetsvoyageurs.com\/location\/wp-json\/wp\/v2\/types\/product"}],"wp:featuredmedia":[{"embeddable":true,"href":"https:\/\/www.lesjouetsvoyageurs.com\/location\/wp-json\/wp\/v2\/media\/2478"}],"wp:attachment":[{"href":"https:\/\/www.lesjouetsvoyageurs.com\/location\/wp-json\/wp\/v2\/media?parent=2476"}],"wp:term":[{"taxonomy":"product_cat","embeddable":true,"href":"https:\/\/www.lesjouetsvoyageurs.com\/location\/wp-json\/wp\/v2\/product_cat?post=2476"},{"taxonomy":"product_tag","embeddable":true,"href":"https:\/\/www.lesjouetsvoyageurs.com\/location\/wp-json\/wp\/v2\/product_tag?post=2476"}],"curies":[{"name":"wp","href":"https:\/\/api.w.org\/{rel}","templated":true}]}}