{"id":2483,"date":"2020-12-06T18:51:14","date_gmt":"2020-12-06T16:51:14","guid":{"rendered":"https:\/\/www.lesjouetsvoyageurs.com\/?post_type=product&#038;p=2483"},"modified":"2023-06-25T22:57:54","modified_gmt":"2023-06-25T20:57:54","slug":"premiere-pyramide-pastel-plantoys","status":"publish","type":"product","link":"https:\/\/www.lesjouetsvoyageurs.com\/location\/jouets\/premiere-pyramide-pastel-plantoys\/","title":{"rendered":"Ma premi\u00e8re pyramide pastel &#8211; Plan Toys"},"content":{"rendered":"<p>L&rsquo;enfant doit 4 \u00e9l\u00e9ments pour reconstituer cette jolie pyramide aux couleurs toutes douces.<br \/>\nUne petite taille adapt\u00e9e pour les tout petits et, pour plus de s\u00e9curit\u00e9, la tige se plie \u00e0 la base en cas de pression.<\/p>\n<p>Envie d&rsquo;en savoir plus sur les engagements de la marque?<br \/>\n\ud83d\udc49 <a href=\"https:\/\/www.plantoys.com\/child-development\" target=\"_blank\" rel=\"noopener\">Consultez la pr\u00e9sentation de PlanToys.<\/a><\/p>\n<p><span style=\"font-size: 14.4px;\">\ud83d\udc95 Peut \u00eatre propos\u00e9 d\u00e8s 12 mois.<\/span><\/p>\n<p>Diam\u00e8tre 6,5 cm et hauteur 12 cm<\/p>\n<p>LE PRIX ABONN\u00c9 C&rsquo;EST QUOI?<br \/>\nVous avez un coup de coeur pour un jouet propos\u00e9 \u00e0 la location?<br \/>\nNous vous proposons de garder chaque jouet lou\u00e9 \u00e0 un prix pr\u00e9f\u00e9rentiel, clairement indiqu\u00e9 sur chaque fiche.<\/p>\n","protected":false},"excerpt":{"rendered":"<p>Une jolie petite pyramide pastel \u00e0 empiler<\/p>\n<p>\u2764 A proposer d\u00e8s 6 mois<br \/>\n\u2764 Tige centrale pliable<br \/>\n\u2764 Mat\u00e9riau \u00e9cologique \ud83c\udf3f<\/p>\n","protected":false},"featured_media":2484,"template":"","meta":[],"product_cat":[15],"product_tag":[],"_links":{"self":[{"href":"https:\/\/www.lesjouetsvoyageurs.com\/location\/wp-json\/wp\/v2\/product\/2483"}],"collection":[{"href":"https:\/\/www.lesjouetsvoyageurs.com\/location\/wp-json\/wp\/v2\/product"}],"about":[{"href":"https:\/\/www.lesjouetsvoyageurs.com\/location\/wp-json\/wp\/v2\/types\/product"}],"wp:featuredmedia":[{"embeddable":true,"href":"https:\/\/www.lesjouetsvoyageurs.com\/location\/wp-json\/wp\/v2\/media\/2484"}],"wp:attachment":[{"href":"https:\/\/www.lesjouetsvoyageurs.com\/location\/wp-json\/wp\/v2\/media?parent=2483"}],"wp:term":[{"taxonomy":"product_cat","embeddable":true,"href":"https:\/\/www.lesjouetsvoyageurs.com\/location\/wp-json\/wp\/v2\/product_cat?post=2483"},{"taxonomy":"product_tag","embeddable":true,"href":"https:\/\/www.lesjouetsvoyageurs.com\/location\/wp-json\/wp\/v2\/product_tag?post=2483"}],"curies":[{"name":"wp","href":"https:\/\/api.w.org\/{rel}","templated":true}]}}