{"id":2486,"date":"2020-12-06T19:08:32","date_gmt":"2020-12-06T17:08:32","guid":{"rendered":"https:\/\/www.lesjouetsvoyageurs.com\/?post_type=product&#038;p=2486"},"modified":"2023-08-19T10:12:37","modified_gmt":"2023-08-19T08:12:37","slug":"puzzle-encastrement-rond-plan-toys","status":"publish","type":"product","link":"https:\/\/www.lesjouetsvoyageurs.com\/location\/jouets\/puzzle-encastrement-rond-plan-toys\/","title":{"rendered":"Puzzle \u00e0 encastrement rond &#8211; Plan Toys"},"content":{"rendered":"<p>Cette collection de puzzles Plantoys permet l&rsquo;apprentissage des formes, des tailles et des couleurs. L&rsquo;enfant place les 3 \u00e9l\u00e9ments par ordre de taille et observe le d\u00e9grad\u00e9 de couleurs. Cet ensemble comprend un 3 pi\u00e8ces rondes faciles \u00e0 prendre en main, \u00e0 proposer aux enfants d\u00e8s 12 mois.<\/p>\n<p>Envie d&rsquo;en savoir plus sur les engagements de la marque?<br \/>\n\ud83d\udc49 <a href=\"https:\/\/www.plantoys.com\/child-development\" target=\"_blank\" rel=\"noopener\">Consultez la pr\u00e9sentation de PlanToys.<\/a><\/p>\n<p><span style=\"font-size: 14.4px;\">\ud83d\udc95 A proposer d\u00e8s 12 mois.<\/span><\/p>\n<p>La base du puzzle mesure 28,5 cm de long et 12 cm de large.<\/p>\n<p>LE PRIX ABONN\u00c9 C&rsquo;EST QUOI?<br \/>\nVous avez un coup de coeur pour un jouet propos\u00e9 \u00e0 la location?<br \/>\nNous vous proposons de garder chaque jouet lou\u00e9 \u00e0 un prix pr\u00e9f\u00e9rentiel, clairement indiqu\u00e9 sur chaque fiche.<\/p>\n","protected":false},"excerpt":{"rendered":"<p>D\u00e9couverte des formes et des couleurs<\/p>\n<p>\u2764 A proposer d\u00e8s 12 mois<br \/>\n\u2764 D\u00e9veloppe la motricit\u00e9 fine<br \/>\n\u2764 Mat\u00e9riau \u00e9cologique \ud83c\udf3f<\/p>\n","protected":false},"featured_media":2487,"template":"","meta":[],"product_cat":[15],"product_tag":[],"_links":{"self":[{"href":"https:\/\/www.lesjouetsvoyageurs.com\/location\/wp-json\/wp\/v2\/product\/2486"}],"collection":[{"href":"https:\/\/www.lesjouetsvoyageurs.com\/location\/wp-json\/wp\/v2\/product"}],"about":[{"href":"https:\/\/www.lesjouetsvoyageurs.com\/location\/wp-json\/wp\/v2\/types\/product"}],"wp:featuredmedia":[{"embeddable":true,"href":"https:\/\/www.lesjouetsvoyageurs.com\/location\/wp-json\/wp\/v2\/media\/2487"}],"wp:attachment":[{"href":"https:\/\/www.lesjouetsvoyageurs.com\/location\/wp-json\/wp\/v2\/media?parent=2486"}],"wp:term":[{"taxonomy":"product_cat","embeddable":true,"href":"https:\/\/www.lesjouetsvoyageurs.com\/location\/wp-json\/wp\/v2\/product_cat?post=2486"},{"taxonomy":"product_tag","embeddable":true,"href":"https:\/\/www.lesjouetsvoyageurs.com\/location\/wp-json\/wp\/v2\/product_tag?post=2486"}],"curies":[{"name":"wp","href":"https:\/\/api.w.org\/{rel}","templated":true}]}}