{"id":2498,"date":"2020-12-06T20:37:51","date_gmt":"2020-12-06T18:37:51","guid":{"rendered":"https:\/\/www.lesjouetsvoyageurs.com\/?post_type=product&#038;p=2498"},"modified":"2023-01-06T09:29:51","modified_gmt":"2023-01-06T07:29:51","slug":"banc-marteler-3-balles-plan-toys","status":"publish","type":"product","link":"https:\/\/www.lesjouetsvoyageurs.com\/location\/jouets\/banc-marteler-3-balles-plan-toys\/","title":{"rendered":"Banc \u00e0 marteler et ses 3 balles &#8211; Plan Toys"},"content":{"rendered":"<p>A l&rsquo;aide du maillet, b\u00e9b\u00e9 tape sur les balles qui partent en roulant. Il d\u00e9veloppe sa motricit\u00e9 fine et sa coordination oeil-main.<\/p>\n<p>Envie d&rsquo;en savoir plus sur les engagements de la marque?<br \/>\n\ud83d\udc49 <a href=\"https:\/\/www.plantoys.com\/child-development\" target=\"_blank\" rel=\"noopener\">Consultez la pr\u00e9sentation de PlanToys.<\/a><\/p>\n<p><span style=\"font-size: 14.4px;\">\ud83d\udc95 A proposer d\u00e8s 12 mois.<\/span><\/p>\n<p>Le jouet mesure 24 cm de long, 11,5 cm de large et 10 cm de haut.<\/p>\n<p>LE PRIX ABONN\u00c9 C&rsquo;EST QUOI?<br \/>\nVous avez un coup de coeur pour un jouet propos\u00e9 \u00e0 la location?<br \/>\nNous vous proposons de garder chaque jouet lou\u00e9 \u00e0 un prix pr\u00e9f\u00e9rentiel, clairement indiqu\u00e9 sur chaque fiche.<\/p>\n","protected":false},"excerpt":{"rendered":"<p>Banc \u00e0 marteler et ses 3 balles<\/p>\n<p>\u2764 A proposer d\u00e8s 12 mois<br \/>\n\u2764 D\u00e9veloppe la motricit\u00e9 fine<br \/>\n\u2764 Mat\u00e9riau \u00e9cologique \ud83c\udf3f<\/p>\n","protected":false},"featured_media":2499,"template":"","meta":[],"product_cat":[15],"product_tag":[],"_links":{"self":[{"href":"https:\/\/www.lesjouetsvoyageurs.com\/location\/wp-json\/wp\/v2\/product\/2498"}],"collection":[{"href":"https:\/\/www.lesjouetsvoyageurs.com\/location\/wp-json\/wp\/v2\/product"}],"about":[{"href":"https:\/\/www.lesjouetsvoyageurs.com\/location\/wp-json\/wp\/v2\/types\/product"}],"wp:featuredmedia":[{"embeddable":true,"href":"https:\/\/www.lesjouetsvoyageurs.com\/location\/wp-json\/wp\/v2\/media\/2499"}],"wp:attachment":[{"href":"https:\/\/www.lesjouetsvoyageurs.com\/location\/wp-json\/wp\/v2\/media?parent=2498"}],"wp:term":[{"taxonomy":"product_cat","embeddable":true,"href":"https:\/\/www.lesjouetsvoyageurs.com\/location\/wp-json\/wp\/v2\/product_cat?post=2498"},{"taxonomy":"product_tag","embeddable":true,"href":"https:\/\/www.lesjouetsvoyageurs.com\/location\/wp-json\/wp\/v2\/product_tag?post=2498"}],"curies":[{"name":"wp","href":"https:\/\/api.w.org\/{rel}","templated":true}]}}