{"id":2504,"date":"2020-12-06T20:58:57","date_gmt":"2020-12-06T18:58:57","guid":{"rendered":"https:\/\/www.lesjouetsvoyageurs.com\/?post_type=product&#038;p=2504"},"modified":"2023-07-06T09:06:26","modified_gmt":"2023-07-06T07:06:26","slug":"mon-premier-bateau-plan-toys","status":"publish","type":"product","link":"https:\/\/www.lesjouetsvoyageurs.com\/location\/jouets\/mon-premier-bateau-plan-toys\/","title":{"rendered":"Mon premier bateau \u00e0 assembler &#8211; Plan Toys"},"content":{"rendered":"<p>L&rsquo;enfant doit assembler les 7 pi\u00e8ces pour reconstituer le bateau.<br \/>\nIl devra identifier les diff\u00e9rentes pi\u00e8ces et les replacer au bon endroit en fonction de leur forme. Avec ses 4 roues, le bateau peut ensuite rouler. Un niveau de difficult\u00e9 qui rend le jouet adapt\u00e9 \u00e0 partir de 18 mois, pas avant \ud83d\ude42<\/p>\n<p>Envie d&rsquo;en savoir plus sur les engagements de la marque?<br \/>\n\ud83d\udc49 <a href=\"https:\/\/www.plantoys.com\/child-development\" target=\"_blank\" rel=\"noopener\">Consultez la pr\u00e9sentation de PlanToys.<\/a><\/p>\n<p><span style=\"font-size: 14.4px;\">\ud83d\udc95 Peut \u00eatre propos\u00e9 d\u00e8s 18 mois.<\/span><\/p>\n<p>Longueur 13,5 cm, hauteur 9,2 cm, largeur 8,1 cm<\/p>\n<p>LE PRIX ABONN\u00c9 C&rsquo;EST QUOI?<br \/>\nVous avez un coup de coeur pour un jouet propos\u00e9 \u00e0 la location?<br \/>\nNous vous proposons de garder chaque jouet lou\u00e9 \u00e0 un prix pr\u00e9f\u00e9rentiel, clairement indiqu\u00e9 sur chaque fiche.<\/p>\n","protected":false},"excerpt":{"rendered":"<p>Un bateau compos\u00e9 de 7 pi\u00e8ces \u00e0 assembler<\/p>\n<p>\u2764 A proposer d\u00e8s 18 mois<br \/>\n\u2764 N\u00e9cessite d&rsquo;identifier diff\u00e9rentes formes<br \/>\n\u2764 Mat\u00e9riau \u00e9cologique \ud83c\udf3f<\/p>\n","protected":false},"featured_media":2505,"template":"","meta":[],"product_cat":[15],"product_tag":[],"_links":{"self":[{"href":"https:\/\/www.lesjouetsvoyageurs.com\/location\/wp-json\/wp\/v2\/product\/2504"}],"collection":[{"href":"https:\/\/www.lesjouetsvoyageurs.com\/location\/wp-json\/wp\/v2\/product"}],"about":[{"href":"https:\/\/www.lesjouetsvoyageurs.com\/location\/wp-json\/wp\/v2\/types\/product"}],"wp:featuredmedia":[{"embeddable":true,"href":"https:\/\/www.lesjouetsvoyageurs.com\/location\/wp-json\/wp\/v2\/media\/2505"}],"wp:attachment":[{"href":"https:\/\/www.lesjouetsvoyageurs.com\/location\/wp-json\/wp\/v2\/media?parent=2504"}],"wp:term":[{"taxonomy":"product_cat","embeddable":true,"href":"https:\/\/www.lesjouetsvoyageurs.com\/location\/wp-json\/wp\/v2\/product_cat?post=2504"},{"taxonomy":"product_tag","embeddable":true,"href":"https:\/\/www.lesjouetsvoyageurs.com\/location\/wp-json\/wp\/v2\/product_tag?post=2504"}],"curies":[{"name":"wp","href":"https:\/\/api.w.org\/{rel}","templated":true}]}}