{"id":2510,"date":"2020-12-06T21:36:09","date_gmt":"2020-12-06T19:36:09","guid":{"rendered":"https:\/\/www.lesjouetsvoyageurs.com\/?post_type=product&#038;p=2510"},"modified":"2022-09-18T17:40:19","modified_gmt":"2022-09-18T15:40:19","slug":"plateau-fruits-legumes-a-decouper-plantoys","status":"publish","type":"product","link":"https:\/\/www.lesjouetsvoyageurs.com\/location\/jouets\/plateau-fruits-legumes-a-decouper-plantoys\/","title":{"rendered":"Plateau de fruits et l\u00e9gumes \u00e0 d\u00e9couper"},"content":{"rendered":"<p>Cet ensemble de 7 fruits et l\u00e9gumes comporte une pomme, une poire, un citron, une banane, un concombre, un champignon et une carotte. L&rsquo;enfant place le fruit ou le l\u00e9gume sur le plateau et le coupe en deux gr\u00e2ce au couteau en bois, comme un chef ! Conseill\u00e9 pour les enfants \u00e0 partir de 2 ans.<\/p>\n<p>Envie d&rsquo;en savoir plus sur les engagements de la marque?<br \/>\n\ud83d\udc49 <a href=\"https:\/\/www.plantoys.com\/child-development\" target=\"_blank\" rel=\"noopener\">Consultez la pr\u00e9sentation de PlanToys.<\/a><\/p>\n<p><span style=\"font-size: 14.4px;\">\ud83d\udc95 Un jeu d&rsquo;imitation pour les enfants d\u00e8s 2 ans.<\/span><\/p>\n<p>LE PRIX ABONN\u00c9 C&rsquo;EST QUOI?<br \/>\nVous avez un coup de coeur pour un jouet propos\u00e9 \u00e0 la location?<br \/>\nNous vous proposons de garder chaque jouet lou\u00e9 \u00e0 un prix pr\u00e9f\u00e9rentiel, clairement indiqu\u00e9 sur chaque fiche.<\/p>\n","protected":false},"excerpt":{"rendered":"<p>Plateau de fruits et l\u00e9gumes \u00e0 d\u00e9couper<\/p>\n<p>\u2764 7 vari\u00e9t\u00e9s de fruits et l\u00e9gumes \ud83c\udf4e<br \/>\n\u2764 Pour cuisiner comme un chef !<br \/>\n\u2764 Pour les petits d\u00e8s 2 ans<\/p>\n","protected":false},"featured_media":2511,"template":"","meta":[],"product_cat":[15],"product_tag":[],"_links":{"self":[{"href":"https:\/\/www.lesjouetsvoyageurs.com\/location\/wp-json\/wp\/v2\/product\/2510"}],"collection":[{"href":"https:\/\/www.lesjouetsvoyageurs.com\/location\/wp-json\/wp\/v2\/product"}],"about":[{"href":"https:\/\/www.lesjouetsvoyageurs.com\/location\/wp-json\/wp\/v2\/types\/product"}],"wp:featuredmedia":[{"embeddable":true,"href":"https:\/\/www.lesjouetsvoyageurs.com\/location\/wp-json\/wp\/v2\/media\/2511"}],"wp:attachment":[{"href":"https:\/\/www.lesjouetsvoyageurs.com\/location\/wp-json\/wp\/v2\/media?parent=2510"}],"wp:term":[{"taxonomy":"product_cat","embeddable":true,"href":"https:\/\/www.lesjouetsvoyageurs.com\/location\/wp-json\/wp\/v2\/product_cat?post=2510"},{"taxonomy":"product_tag","embeddable":true,"href":"https:\/\/www.lesjouetsvoyageurs.com\/location\/wp-json\/wp\/v2\/product_tag?post=2510"}],"curies":[{"name":"wp","href":"https:\/\/api.w.org\/{rel}","templated":true}]}}