{"id":2513,"date":"2020-12-06T21:51:53","date_gmt":"2020-12-06T19:51:53","guid":{"rendered":"https:\/\/www.lesjouetsvoyageurs.com\/?post_type=product&#038;p=2513"},"modified":"2022-09-18T17:40:07","modified_gmt":"2022-09-18T15:40:07","slug":"fruits-et-legumes-moches-a-decouper","status":"publish","type":"product","link":"https:\/\/www.lesjouetsvoyageurs.com\/location\/jouets\/fruits-et-legumes-moches-a-decouper\/","title":{"rendered":"Fruits et l\u00e9gumes moches \u00e0 d\u00e9couper"},"content":{"rendered":"<p>5 fruits et l\u00e9gumes \u00ab\u00a0moches\u00a0\u00bb, aussi bons que les autres mais un peu diff\u00e9rents ! Un jouet pour apprendre \u00e0 l&rsquo;enfant que les fruits et l\u00e9gumes imparfaits sont aussi bons au go\u00fbt et pour la sant\u00e9 que les autres \ud83d\ude42 L&rsquo;enfant coupe les fruits et l\u00e9gumes en deux gr\u00e2ce au couteau en bois, comme un chef ! A partir de 18 mois.<\/p>\n<p>Envie d&rsquo;en savoir plus sur les engagements de la marque?<br \/>\n\ud83d\udc49 <a href=\"https:\/\/www.plantoys.com\/child-development\" target=\"_blank\" rel=\"noopener\">Consultez la pr\u00e9sentation de PlanToys.<\/a><\/p>\n<p><span style=\"font-size: 14.4px;\">\ud83d\udc95 Un jeu d&rsquo;imitation pour les enfants d\u00e8s 18 mois.<\/span><\/p>\n<p>LE PRIX ABONN\u00c9 C&rsquo;EST QUOI?<br \/>\nVous avez un coup de coeur pour un jouet propos\u00e9 \u00e0 la location?<br \/>\nNous vous proposons de garder chaque jouet lou\u00e9 \u00e0 un prix pr\u00e9f\u00e9rentiel, clairement indiqu\u00e9 sur chaque fiche.<\/p>\n","protected":false},"excerpt":{"rendered":"<p>Plateau de fruits et l\u00e9gumes \u00e0 d\u00e9couper<\/p>\n<p>\u2764 5 vari\u00e9t\u00e9s de fruits et l\u00e9gumes \ud83c\udf4e<br \/>\n\u2764 Aussi bons que les autres \ud83d\ude09<br \/>\n\u2764 Pour les petits d\u00e8s 18 mois<\/p>\n","protected":false},"featured_media":2515,"template":"","meta":[],"product_cat":[15],"product_tag":[],"_links":{"self":[{"href":"https:\/\/www.lesjouetsvoyageurs.com\/location\/wp-json\/wp\/v2\/product\/2513"}],"collection":[{"href":"https:\/\/www.lesjouetsvoyageurs.com\/location\/wp-json\/wp\/v2\/product"}],"about":[{"href":"https:\/\/www.lesjouetsvoyageurs.com\/location\/wp-json\/wp\/v2\/types\/product"}],"wp:featuredmedia":[{"embeddable":true,"href":"https:\/\/www.lesjouetsvoyageurs.com\/location\/wp-json\/wp\/v2\/media\/2515"}],"wp:attachment":[{"href":"https:\/\/www.lesjouetsvoyageurs.com\/location\/wp-json\/wp\/v2\/media?parent=2513"}],"wp:term":[{"taxonomy":"product_cat","embeddable":true,"href":"https:\/\/www.lesjouetsvoyageurs.com\/location\/wp-json\/wp\/v2\/product_cat?post=2513"},{"taxonomy":"product_tag","embeddable":true,"href":"https:\/\/www.lesjouetsvoyageurs.com\/location\/wp-json\/wp\/v2\/product_tag?post=2513"}],"curies":[{"name":"wp","href":"https:\/\/api.w.org\/{rel}","templated":true}]}}