{"id":2519,"date":"2020-12-06T22:07:20","date_gmt":"2020-12-06T20:07:20","guid":{"rendered":"https:\/\/www.lesjouetsvoyageurs.com\/?post_type=product&#038;p=2519"},"modified":"2022-09-18T17:39:55","modified_gmt":"2022-09-18T15:39:55","slug":"plateau-de-fruits-a-decouper","status":"publish","type":"product","link":"https:\/\/www.lesjouetsvoyageurs.com\/location\/jouets\/plateau-de-fruits-a-decouper\/","title":{"rendered":"Plateau de fruits \u00e0 d\u00e9couper"},"content":{"rendered":"<p>Cet ensemble de 5 fruits comporte une pomme, un kiwi, un citron, une orange et une fraise. L&rsquo;enfant place le fruit sur le plateau et le coupe en deux gr\u00e2ce au couteau en bois, comme un chef ! Conseill\u00e9 pour les enfants \u00e0 partir de 18 mois.<\/p>\n<p>Envie d&rsquo;en savoir plus sur les engagements de la marque?<br \/>\n\ud83d\udc49 <a href=\"https:\/\/www.plantoys.com\/child-development\" target=\"_blank\" rel=\"noopener\">Consultez la pr\u00e9sentation de PlanToys.<\/a><\/p>\n<p><span style=\"font-size: 14.4px;\">\ud83d\udc95 Un jeu d&rsquo;imitation et de motricit\u00e9 fine pour les enfants d\u00e8s 18 mois.<\/span><\/p>\n<p>LE PRIX ABONN\u00c9 C&rsquo;EST QUOI?<br \/>\nVous avez un coup de coeur pour un jouet propos\u00e9 \u00e0 la location?<br \/>\nNous vous proposons de garder chaque jouet lou\u00e9 \u00e0 un prix pr\u00e9f\u00e9rentiel, clairement indiqu\u00e9 sur chaque fiche.<\/p>\n","protected":false},"excerpt":{"rendered":"<p>Plateau de fruits \u00e0 d\u00e9couper<\/p>\n<p>\u2764 5 vari\u00e9t\u00e9s de fruits \ud83c\udf4e<br \/>\n\u2764 Pour cuisiner comme un chef !<br \/>\n\u2764 Pour les petits d\u00e8s 18 mois<\/p>\n","protected":false},"featured_media":2521,"template":"","meta":[],"product_cat":[15],"product_tag":[],"_links":{"self":[{"href":"https:\/\/www.lesjouetsvoyageurs.com\/location\/wp-json\/wp\/v2\/product\/2519"}],"collection":[{"href":"https:\/\/www.lesjouetsvoyageurs.com\/location\/wp-json\/wp\/v2\/product"}],"about":[{"href":"https:\/\/www.lesjouetsvoyageurs.com\/location\/wp-json\/wp\/v2\/types\/product"}],"wp:featuredmedia":[{"embeddable":true,"href":"https:\/\/www.lesjouetsvoyageurs.com\/location\/wp-json\/wp\/v2\/media\/2521"}],"wp:attachment":[{"href":"https:\/\/www.lesjouetsvoyageurs.com\/location\/wp-json\/wp\/v2\/media?parent=2519"}],"wp:term":[{"taxonomy":"product_cat","embeddable":true,"href":"https:\/\/www.lesjouetsvoyageurs.com\/location\/wp-json\/wp\/v2\/product_cat?post=2519"},{"taxonomy":"product_tag","embeddable":true,"href":"https:\/\/www.lesjouetsvoyageurs.com\/location\/wp-json\/wp\/v2\/product_tag?post=2519"}],"curies":[{"name":"wp","href":"https:\/\/api.w.org\/{rel}","templated":true}]}}