{"id":2528,"date":"2020-12-06T22:27:11","date_gmt":"2020-12-06T20:27:11","guid":{"rendered":"https:\/\/www.lesjouetsvoyageurs.com\/?post_type=product&#038;p=2528"},"modified":"2022-09-18T17:37:22","modified_gmt":"2022-09-18T15:37:22","slug":"service-a-the-naturel-plan-toys","status":"publish","type":"product","link":"https:\/\/www.lesjouetsvoyageurs.com\/location\/jouets\/service-a-the-naturel-plan-toys\/","title":{"rendered":"Service \u00e0 th\u00e9 en bois naturel &#8211; Plan Toys"},"content":{"rendered":"<p>Un tr\u00e8s beau jeu d&rsquo;imitation pour les petits \u00e0 partir de 2 ans qui comprend 13 pi\u00e8ces : 2 tasses, 2 soucoupes, 2 cuilleres, 2 sachets de th\u00e9s, un pot \u00e0 lait, un sucrier et son couvercle et une th\u00e9i\u00e8re avec son couvercle. Une taille adapt\u00e9e aux petites mains et qui promet des heures de jeu.<\/p>\n<p>Envie d&rsquo;en savoir plus sur les engagements de la marque?<br \/>\n\ud83d\udc49 <a href=\"https:\/\/www.plantoys.com\/child-development\" target=\"_blank\" rel=\"noopener\">Consultez la pr\u00e9sentation de PlanToys.<\/a><\/p>\n<p><span style=\"font-size: 14.4px;\">\ud83d\udc95 En planwood, un mat\u00e9riau \u00e9cologique et durable<\/span><\/p>\n<p>Pour les enfants \u00e0 partir de 2 ans.<\/p>\n<p>LE PRIX ABONN\u00c9 C&rsquo;EST QUOI?<br \/>\nVous avez un coup de coeur pour un jouet propos\u00e9 \u00e0 la location?<br \/>\nNous vous proposons de garder chaque jouet lou\u00e9 \u00e0 un prix pr\u00e9f\u00e9rentiel, clairement indiqu\u00e9 sur chaque fiche.<\/p>\n","protected":false},"excerpt":{"rendered":"<p>Un magnifique service \u00e0 th\u00e9 de 13 pi\u00e8ces<\/p>\n<p>\u2764 Pour faire comme les grands !<br \/>\n\u2764 Stimule l&rsquo;imagination des petits<br \/>\n\u2764 <span style=\"font-size: 14.4px;\">En planwood, un mat\u00e9riau \u00e9cologique<\/span><\/p>\n","protected":false},"featured_media":2530,"template":"","meta":[],"product_cat":[15],"product_tag":[],"_links":{"self":[{"href":"https:\/\/www.lesjouetsvoyageurs.com\/location\/wp-json\/wp\/v2\/product\/2528"}],"collection":[{"href":"https:\/\/www.lesjouetsvoyageurs.com\/location\/wp-json\/wp\/v2\/product"}],"about":[{"href":"https:\/\/www.lesjouetsvoyageurs.com\/location\/wp-json\/wp\/v2\/types\/product"}],"wp:featuredmedia":[{"embeddable":true,"href":"https:\/\/www.lesjouetsvoyageurs.com\/location\/wp-json\/wp\/v2\/media\/2530"}],"wp:attachment":[{"href":"https:\/\/www.lesjouetsvoyageurs.com\/location\/wp-json\/wp\/v2\/media?parent=2528"}],"wp:term":[{"taxonomy":"product_cat","embeddable":true,"href":"https:\/\/www.lesjouetsvoyageurs.com\/location\/wp-json\/wp\/v2\/product_cat?post=2528"},{"taxonomy":"product_tag","embeddable":true,"href":"https:\/\/www.lesjouetsvoyageurs.com\/location\/wp-json\/wp\/v2\/product_tag?post=2528"}],"curies":[{"name":"wp","href":"https:\/\/api.w.org\/{rel}","templated":true}]}}