{"id":2533,"date":"2020-12-06T22:48:23","date_gmt":"2020-12-06T20:48:23","guid":{"rendered":"https:\/\/www.lesjouetsvoyageurs.com\/?post_type=product&#038;p=2533"},"modified":"2022-09-18T17:37:03","modified_gmt":"2022-09-18T15:37:03","slug":"grand-cactus-plan-toys","status":"publish","type":"product","link":"https:\/\/www.lesjouetsvoyageurs.com\/location\/jouets\/grand-cactus-plan-toys\/","title":{"rendered":"Cactus \u00e0 assembler grand format &#8211; Plan Toys"},"content":{"rendered":"<p>Le jeu de soci\u00e9t\u00e9 du cactus \u00e0 assembler peut se jouer seul ou \u00e0 plusieurs. Il faut ajouter successivement tous les \u00e9l\u00e9ments du cactus&#8230; sans le faire tomber!<br \/>\nLe tronc qui sert de base fait 9 cm de hauteur.<\/p>\n<p>Envie d&rsquo;en savoir plus sur les engagements de la marque?<br \/>\n\ud83d\udc49 <a href=\"https:\/\/www.plantoys.com\/child-development\" target=\"_blank\" rel=\"noopener\">Consultez la pr\u00e9sentation de PlanToys.<\/a><\/p>\n<p><span style=\"font-size: 14.4px;\">\ud83d\udc95 A partir de 3 ans.<\/span><\/p>\n<p>LE PRIX ABONN\u00c9 C&rsquo;EST QUOI?<br \/>\nVous avez un coup de coeur pour un jouet propos\u00e9 \u00e0 la location?<br \/>\nNous vous proposons de garder chaque jouet lou\u00e9 \u00e0 un prix pr\u00e9f\u00e9rentiel, clairement indiqu\u00e9 sur chaque fiche.<\/p>\n","protected":false},"excerpt":{"rendered":"<p>Un cactus \u00e0 assembler&#8230; sans le faire tomber!<\/p>\n<p>\u2764 A partir de 3 ans<br \/>\n\u2764 Se joue seul ou \u00e0 plusieurs<br \/>\n\u2764 En bois d&rsquo;h\u00e9v\u00e9a durable \ud83c\udf3f<\/p>\n","protected":false},"featured_media":2534,"template":"","meta":[],"product_cat":[15],"product_tag":[],"_links":{"self":[{"href":"https:\/\/www.lesjouetsvoyageurs.com\/location\/wp-json\/wp\/v2\/product\/2533"}],"collection":[{"href":"https:\/\/www.lesjouetsvoyageurs.com\/location\/wp-json\/wp\/v2\/product"}],"about":[{"href":"https:\/\/www.lesjouetsvoyageurs.com\/location\/wp-json\/wp\/v2\/types\/product"}],"wp:featuredmedia":[{"embeddable":true,"href":"https:\/\/www.lesjouetsvoyageurs.com\/location\/wp-json\/wp\/v2\/media\/2534"}],"wp:attachment":[{"href":"https:\/\/www.lesjouetsvoyageurs.com\/location\/wp-json\/wp\/v2\/media?parent=2533"}],"wp:term":[{"taxonomy":"product_cat","embeddable":true,"href":"https:\/\/www.lesjouetsvoyageurs.com\/location\/wp-json\/wp\/v2\/product_cat?post=2533"},{"taxonomy":"product_tag","embeddable":true,"href":"https:\/\/www.lesjouetsvoyageurs.com\/location\/wp-json\/wp\/v2\/product_tag?post=2533"}],"curies":[{"name":"wp","href":"https:\/\/api.w.org\/{rel}","templated":true}]}}