{"id":2536,"date":"2020-12-06T22:57:04","date_gmt":"2020-12-06T20:57:04","guid":{"rendered":"https:\/\/www.lesjouetsvoyageurs.com\/?post_type=product&#038;p=2536"},"modified":"2022-10-02T20:17:08","modified_gmt":"2022-10-02T18:17:08","slug":"cactus-a-assembler-jeu-voyage-plan-toys","status":"publish","type":"product","link":"https:\/\/www.lesjouetsvoyageurs.com\/location\/jouets\/cactus-a-assembler-jeu-voyage-plan-toys\/","title":{"rendered":"Jeu du cactus \u00e0 assembler &#8211; jeu de voyage Plan Toys"},"content":{"rendered":"<p>Une version mini du cactus \u00e0 assembler de plantoys. Cette version r\u00e9duite tient dans une petite boite \u00e0 emmener partout! Les r\u00e8gles restent les m\u00eames : il faut ajouter successivement tous les \u00e9l\u00e9ments du cactus&#8230; sans le faire tomber!<br \/>\nLe tronc qui sert de base fait 4,5 cm de hauteur (contre 9 cm pour la version classique du jeu).<\/p>\n<p>Envie d&rsquo;en savoir plus sur les engagements de la marque?<br \/>\n\ud83d\udc49 <a href=\"https:\/\/www.plantoys.com\/child-development\" target=\"_blank\" rel=\"noopener\">Consultez la pr\u00e9sentation de PlanToys.<\/a><\/p>\n<p><span style=\"font-size: 14.4px;\">\ud83d\udc95 A partir de 3 ans.<\/span><\/p>\n<p>LE PRIX ABONN\u00c9 C&rsquo;EST QUOI?<br \/>\nVous avez un coup de coeur pour un jouet propos\u00e9 \u00e0 la location?<br \/>\nNous vous proposons de garder chaque jouet lou\u00e9 \u00e0 un prix pr\u00e9f\u00e9rentiel, clairement indiqu\u00e9 sur chaque fiche.<\/p>\n","protected":false},"excerpt":{"rendered":"<p>Le jeu du cactus&#8230; en version mini!<\/p>\n<p>\u2764 A partir de 3 ans<br \/>\n\u2764 Se joue seul ou \u00e0 deux<br \/>\n\u2764 En bois d&rsquo;h\u00e9v\u00e9a durable \ud83c\udf3f<\/p>\n","protected":false},"featured_media":2537,"template":"","meta":[],"product_cat":[15],"product_tag":[],"_links":{"self":[{"href":"https:\/\/www.lesjouetsvoyageurs.com\/location\/wp-json\/wp\/v2\/product\/2536"}],"collection":[{"href":"https:\/\/www.lesjouetsvoyageurs.com\/location\/wp-json\/wp\/v2\/product"}],"about":[{"href":"https:\/\/www.lesjouetsvoyageurs.com\/location\/wp-json\/wp\/v2\/types\/product"}],"wp:featuredmedia":[{"embeddable":true,"href":"https:\/\/www.lesjouetsvoyageurs.com\/location\/wp-json\/wp\/v2\/media\/2537"}],"wp:attachment":[{"href":"https:\/\/www.lesjouetsvoyageurs.com\/location\/wp-json\/wp\/v2\/media?parent=2536"}],"wp:term":[{"taxonomy":"product_cat","embeddable":true,"href":"https:\/\/www.lesjouetsvoyageurs.com\/location\/wp-json\/wp\/v2\/product_cat?post=2536"},{"taxonomy":"product_tag","embeddable":true,"href":"https:\/\/www.lesjouetsvoyageurs.com\/location\/wp-json\/wp\/v2\/product_tag?post=2536"}],"curies":[{"name":"wp","href":"https:\/\/api.w.org\/{rel}","templated":true}]}}