{"id":2549,"date":"2020-12-07T09:45:50","date_gmt":"2020-12-07T07:45:50","guid":{"rendered":"https:\/\/www.lesjouetsvoyageurs.com\/?post_type=product&#038;p=2549"},"modified":"2023-07-22T14:51:36","modified_gmt":"2023-07-22T12:51:36","slug":"souris-retro-friction-plan-toys","status":"publish","type":"product","link":"https:\/\/www.lesjouetsvoyageurs.com\/location\/jouets\/souris-retro-friction-plan-toys\/","title":{"rendered":"Lot de 2 souris \u00e0 r\u00e9tro-friction &#8211; Plan Toys"},"content":{"rendered":"<p>Ces petites souris sont propuls\u00e9es gr\u00e2ce \u00e0 leur petit moteur \u00e0 r\u00e9tro-friction. Nous vous enverront 2 petites souris de diff\u00e9rentes couleurs pour faire des courses ! Elles mesurent 12,7cm du museau \u00e0 la pointe de la queue et existe en 3 coloris.<\/p>\n<p>Envie d&rsquo;en savoir plus sur les engagements de la marque?<br \/>\n\ud83d\udc49 <a href=\"https:\/\/www.plantoys.com\/child-development\" target=\"_blank\" rel=\"noopener\">Consultez la pr\u00e9sentation de PlanToys.<\/a><\/p>\n<p><span style=\"font-size: 14.4px;\">\ud83d\udc95 A partir de 3 ans.<\/span><\/p>\n<p>LE PRIX ABONN\u00c9 C&rsquo;EST QUOI?<br \/>\nVous avez un coup de coeur pour un jouet propos\u00e9 \u00e0 la location?<br \/>\nNous vous proposons de garder chaque jouet lou\u00e9 \u00e0 un prix pr\u00e9f\u00e9rentiel, clairement indiqu\u00e9 sur chaque fiche.<\/p>\n","protected":false},"excerpt":{"rendered":"<p>Une petite souris r\u00e9tro-propuls\u00e9e \ud83d\udc2d<\/p>\n<p>\u2764 A partir de 3 ans<br \/>\n\u2764 Existe en 3 couleurs<br \/>\n\u2764 En bois d&rsquo;h\u00e9v\u00e9a durable \ud83c\udf3f<\/p>\n","protected":false},"featured_media":2554,"template":"","meta":[],"product_cat":[15],"product_tag":[],"_links":{"self":[{"href":"https:\/\/www.lesjouetsvoyageurs.com\/location\/wp-json\/wp\/v2\/product\/2549"}],"collection":[{"href":"https:\/\/www.lesjouetsvoyageurs.com\/location\/wp-json\/wp\/v2\/product"}],"about":[{"href":"https:\/\/www.lesjouetsvoyageurs.com\/location\/wp-json\/wp\/v2\/types\/product"}],"wp:featuredmedia":[{"embeddable":true,"href":"https:\/\/www.lesjouetsvoyageurs.com\/location\/wp-json\/wp\/v2\/media\/2554"}],"wp:attachment":[{"href":"https:\/\/www.lesjouetsvoyageurs.com\/location\/wp-json\/wp\/v2\/media?parent=2549"}],"wp:term":[{"taxonomy":"product_cat","embeddable":true,"href":"https:\/\/www.lesjouetsvoyageurs.com\/location\/wp-json\/wp\/v2\/product_cat?post=2549"},{"taxonomy":"product_tag","embeddable":true,"href":"https:\/\/www.lesjouetsvoyageurs.com\/location\/wp-json\/wp\/v2\/product_tag?post=2549"}],"curies":[{"name":"wp","href":"https:\/\/api.w.org\/{rel}","templated":true}]}}