{"id":2608,"date":"2020-12-07T12:49:19","date_gmt":"2020-12-07T10:49:19","guid":{"rendered":"https:\/\/www.lesjouetsvoyageurs.com\/?post_type=product&#038;p=2608"},"modified":"2024-09-21T13:50:55","modified_gmt":"2024-09-21T11:50:55","slug":"promenade-coccinelle-bass","status":"publish","type":"product","link":"https:\/\/www.lesjouetsvoyageurs.com\/location\/jouets\/promenade-coccinelle-bass\/","title":{"rendered":"La promenade de la coccinelle &#8211; Bass&#038;Bass"},"content":{"rendered":"<p>La coccinelle descend doucement la pente douce en bois naturel pour le plus grand plaisir des enfants. Un jouet intemporel \u00e0 proposer d\u00e8s 3 ans.<\/p>\n<p>Envie d&rsquo;en savoir plus sur les engagements de la marque?<br \/>\n\ud83d\udc49 Consultez la pr\u00e9sentation de Bass&amp;Bass.<\/p>\n<p><span style=\"font-size: 14.4px;\">\ud83d\udc95 D\u00e9veloppe la r\u00e9flexion de l&rsquo;enfant<\/span><\/p>\n<p>Pour les enfants \u00e0 partir de 3 ans.<\/p>\n<p>LE PRIX ABONN\u00c9 C&rsquo;EST QUOI?<br \/>\nVous avez un coup de coeur pour un jouet propos\u00e9 \u00e0 la location?<br \/>\nNous vous proposons de garder chaque jouet lou\u00e9 \u00e0 un prix pr\u00e9f\u00e9rentiel, clairement indiqu\u00e9 sur chaque fiche.<\/p>\n","protected":false},"excerpt":{"rendered":"<p>La promenade de la coccinelle \ud83d\udc1e<\/p>\n<p>\u2764 Descend doucement la pente<br \/>\n\u2764 Un jouet intemporel<br \/>\n\u2764 A proposer \u00e0 partir de 3 ans<\/p>\n","protected":false},"featured_media":2610,"template":"","meta":[],"product_cat":[15],"product_tag":[],"_links":{"self":[{"href":"https:\/\/www.lesjouetsvoyageurs.com\/location\/wp-json\/wp\/v2\/product\/2608"}],"collection":[{"href":"https:\/\/www.lesjouetsvoyageurs.com\/location\/wp-json\/wp\/v2\/product"}],"about":[{"href":"https:\/\/www.lesjouetsvoyageurs.com\/location\/wp-json\/wp\/v2\/types\/product"}],"wp:featuredmedia":[{"embeddable":true,"href":"https:\/\/www.lesjouetsvoyageurs.com\/location\/wp-json\/wp\/v2\/media\/2610"}],"wp:attachment":[{"href":"https:\/\/www.lesjouetsvoyageurs.com\/location\/wp-json\/wp\/v2\/media?parent=2608"}],"wp:term":[{"taxonomy":"product_cat","embeddable":true,"href":"https:\/\/www.lesjouetsvoyageurs.com\/location\/wp-json\/wp\/v2\/product_cat?post=2608"},{"taxonomy":"product_tag","embeddable":true,"href":"https:\/\/www.lesjouetsvoyageurs.com\/location\/wp-json\/wp\/v2\/product_tag?post=2608"}],"curies":[{"name":"wp","href":"https:\/\/api.w.org\/{rel}","templated":true}]}}