{"id":2611,"date":"2020-12-07T13:01:28","date_gmt":"2020-12-07T11:01:28","guid":{"rendered":"https:\/\/www.lesjouetsvoyageurs.com\/?post_type=product&#038;p=2611"},"modified":"2025-04-25T11:54:12","modified_gmt":"2025-04-25T09:54:12","slug":"promenade-tortue-bassbass","status":"publish","type":"product","link":"https:\/\/www.lesjouetsvoyageurs.com\/location\/jouets\/promenade-tortue-bassbass\/","title":{"rendered":"La promenade de la tortue &#8211; Bass&#038;Bass"},"content":{"rendered":"<p>La tortue descend doucement la pente douce en bois naturel pour le plus grand plaisir des enfants. Un jouet intemporel \u00e0 proposer d\u00e8s 3 ans.<\/p>\n<p>Envie d&rsquo;en savoir plus sur les engagements de la marque?<br \/>\n\ud83d\udc49 Consultez la pr\u00e9sentation de Bass&amp;Bass.<\/p>\n<p><span style=\"font-size: 14.4px;\">\ud83d\udc95 D\u00e9veloppe la r\u00e9flexion de l&rsquo;enfant<\/span><\/p>\n<p>Pour les enfants \u00e0 partir de 3 ans.<\/p>\n<p>LE PRIX ABONN\u00c9 C&rsquo;EST QUOI?<br \/>\nVous avez un coup de coeur pour un jouet propos\u00e9 \u00e0 la location?<br \/>\nNous vous proposons de garder chaque jouet lou\u00e9 \u00e0 un prix pr\u00e9f\u00e9rentiel, clairement indiqu\u00e9 sur chaque fiche.<\/p>\n","protected":false},"excerpt":{"rendered":"<p>La promenade de la tortue \ud83d\udc22<\/p>\n<p>\u2764 Descend doucement la pente<br \/>\n\u2764 Un jouet intemporel<br \/>\n\u2764 A proposer \u00e0 partir de 3 ans<\/p>\n","protected":false},"featured_media":2613,"template":"","meta":[],"product_cat":[15],"product_tag":[],"_links":{"self":[{"href":"https:\/\/www.lesjouetsvoyageurs.com\/location\/wp-json\/wp\/v2\/product\/2611"}],"collection":[{"href":"https:\/\/www.lesjouetsvoyageurs.com\/location\/wp-json\/wp\/v2\/product"}],"about":[{"href":"https:\/\/www.lesjouetsvoyageurs.com\/location\/wp-json\/wp\/v2\/types\/product"}],"wp:featuredmedia":[{"embeddable":true,"href":"https:\/\/www.lesjouetsvoyageurs.com\/location\/wp-json\/wp\/v2\/media\/2613"}],"wp:attachment":[{"href":"https:\/\/www.lesjouetsvoyageurs.com\/location\/wp-json\/wp\/v2\/media?parent=2611"}],"wp:term":[{"taxonomy":"product_cat","embeddable":true,"href":"https:\/\/www.lesjouetsvoyageurs.com\/location\/wp-json\/wp\/v2\/product_cat?post=2611"},{"taxonomy":"product_tag","embeddable":true,"href":"https:\/\/www.lesjouetsvoyageurs.com\/location\/wp-json\/wp\/v2\/product_tag?post=2611"}],"curies":[{"name":"wp","href":"https:\/\/api.w.org\/{rel}","templated":true}]}}