{"id":2616,"date":"2020-12-07T13:19:39","date_gmt":"2020-12-07T11:19:39","guid":{"rendered":"https:\/\/www.lesjouetsvoyageurs.com\/?post_type=product&#038;p=2616"},"modified":"2023-06-25T22:57:54","modified_gmt":"2023-06-25T20:57:54","slug":"mini-balle-eau-canards-philos-toys","status":"publish","type":"product","link":"https:\/\/www.lesjouetsvoyageurs.com\/location\/jouets\/mini-balle-eau-canards-philos-toys\/","title":{"rendered":"Philos Toys &#8211; Mini balle \u00e0 eau et ses petits canards"},"content":{"rendered":"<p>Cette petite balle \u00e0 eau d&rsquo;un diam\u00e8tre de 7 cm contient 2 petits canards qui flottent dans l&rsquo;eau. Sa petite taille permet de la proposer \u00e0 b\u00e9b\u00e9 d\u00e8s ses 3 mois. Elle est fabriqu\u00e9e en Gr\u00e8ce par l&rsquo;entreprise familiale Philos Toys.<\/p>\n<p>Envie d&rsquo;en savoir plus sur les engagements de la marque?<br \/>\n\ud83d\udc49 Consultez la pr\u00e9sentation de Philos Toys.<\/p>\n<p><span style=\"font-size: 14.4px;\">\ud83d\udc95 Stimule l&rsquo;\u00e9veil de b\u00e9b\u00e9<\/span><\/p>\n<p>Pour les b\u00e9b\u00e9s \u00e0 partir de 3 mois.<\/p>\n<p>LE PRIX ABONN\u00c9 C&rsquo;EST QUOI?<br \/>\nVous avez un coup de coeur pour un jouet propos\u00e9 \u00e0 la location?<br \/>\nNous vous proposons de garder chaque jouet lou\u00e9 \u00e0 un prix pr\u00e9f\u00e9rentiel, clairement indiqu\u00e9 sur chaque fiche.<\/p>\n","protected":false},"excerpt":{"rendered":"<p>Balle \u00e0 eau pour b\u00e9b\u00e9<\/p>\n<p>\u2764 Adapt\u00e9e aux petites mains<br \/>\n\u2764 Fabriqu\u00e9 en Gr\u00e8ce \ud83c\uddec\ud83c\uddf7<br \/>\n\u2764 A proposer \u00e0 partir de 3 mois<\/p>\n","protected":false},"featured_media":2617,"template":"","meta":[],"product_cat":[15],"product_tag":[],"_links":{"self":[{"href":"https:\/\/www.lesjouetsvoyageurs.com\/location\/wp-json\/wp\/v2\/product\/2616"}],"collection":[{"href":"https:\/\/www.lesjouetsvoyageurs.com\/location\/wp-json\/wp\/v2\/product"}],"about":[{"href":"https:\/\/www.lesjouetsvoyageurs.com\/location\/wp-json\/wp\/v2\/types\/product"}],"wp:featuredmedia":[{"embeddable":true,"href":"https:\/\/www.lesjouetsvoyageurs.com\/location\/wp-json\/wp\/v2\/media\/2617"}],"wp:attachment":[{"href":"https:\/\/www.lesjouetsvoyageurs.com\/location\/wp-json\/wp\/v2\/media?parent=2616"}],"wp:term":[{"taxonomy":"product_cat","embeddable":true,"href":"https:\/\/www.lesjouetsvoyageurs.com\/location\/wp-json\/wp\/v2\/product_cat?post=2616"},{"taxonomy":"product_tag","embeddable":true,"href":"https:\/\/www.lesjouetsvoyageurs.com\/location\/wp-json\/wp\/v2\/product_tag?post=2616"}],"curies":[{"name":"wp","href":"https:\/\/api.w.org\/{rel}","templated":true}]}}