{"id":2620,"date":"2020-12-07T13:39:10","date_gmt":"2020-12-07T11:39:10","guid":{"rendered":"https:\/\/www.lesjouetsvoyageurs.com\/?post_type=product&#038;p=2620"},"modified":"2023-06-06T04:08:08","modified_gmt":"2023-06-06T02:08:08","slug":"xylophone-note-metal","status":"publish","type":"product","link":"https:\/\/www.lesjouetsvoyageurs.com\/location\/jouets\/xylophone-note-metal\/","title":{"rendered":"Xylophone 12 notes en m\u00e9tal"},"content":{"rendered":"<p>Ce xylophone comporte 12 notes en m\u00e9tal et la qualit\u00e9 du son qu&rsquo;il produit est exceptionnelle, ce qui en fait un v\u00e9ritable instrument de musique accessible d\u00e8s 3 ans.<\/p>\n<p><span style=\"font-size: 14.4px;\">\ud83d\udc95 Tr\u00e8s beau son de l&rsquo;instrument<\/span><\/p>\n<p>Pour les enfants \u00e0 partir de 3 ans.<\/p>\n<p>LE PRIX ABONN\u00c9 C&rsquo;EST QUOI?<br \/>\nVous avez un coup de coeur pour un jouet propos\u00e9 \u00e0 la location?<br \/>\nNous vous proposons de garder chaque jouet lou\u00e9 \u00e0 un prix pr\u00e9f\u00e9rentiel, clairement indiqu\u00e9 sur chaque fiche.<\/p>\n","protected":false},"excerpt":{"rendered":"<p>Xylophone 12 notes en m\u00e9tal<\/p>\n<p>\u2764 Qualit\u00e9 exceptionnelle du son \ud83c\udfbc<br \/>\n\u2764 Fabriqu\u00e9 en Pologne<br \/>\n\u2764 A proposer \u00e0 partir de 3 ans<\/p>\n","protected":false},"featured_media":2621,"template":"","meta":[],"product_cat":[15],"product_tag":[],"_links":{"self":[{"href":"https:\/\/www.lesjouetsvoyageurs.com\/location\/wp-json\/wp\/v2\/product\/2620"}],"collection":[{"href":"https:\/\/www.lesjouetsvoyageurs.com\/location\/wp-json\/wp\/v2\/product"}],"about":[{"href":"https:\/\/www.lesjouetsvoyageurs.com\/location\/wp-json\/wp\/v2\/types\/product"}],"wp:featuredmedia":[{"embeddable":true,"href":"https:\/\/www.lesjouetsvoyageurs.com\/location\/wp-json\/wp\/v2\/media\/2621"}],"wp:attachment":[{"href":"https:\/\/www.lesjouetsvoyageurs.com\/location\/wp-json\/wp\/v2\/media?parent=2620"}],"wp:term":[{"taxonomy":"product_cat","embeddable":true,"href":"https:\/\/www.lesjouetsvoyageurs.com\/location\/wp-json\/wp\/v2\/product_cat?post=2620"},{"taxonomy":"product_tag","embeddable":true,"href":"https:\/\/www.lesjouetsvoyageurs.com\/location\/wp-json\/wp\/v2\/product_tag?post=2620"}],"curies":[{"name":"wp","href":"https:\/\/api.w.org\/{rel}","templated":true}]}}