{"id":2693,"date":"2020-12-09T15:06:04","date_gmt":"2020-12-09T13:06:04","guid":{"rendered":"https:\/\/www.lesjouetsvoyageurs.com\/?post_type=product&#038;p=2693"},"modified":"2021-08-15T15:52:32","modified_gmt":"2021-08-15T13:52:32","slug":"trotteur-vache-wheelybug-petit-modele-1-a-3-ans","status":"publish","type":"product","link":"https:\/\/www.lesjouetsvoyageurs.com\/location\/jouets\/trotteur-vache-wheelybug-petit-modele-1-a-3-ans\/","title":{"rendered":"Trotteur vache Wheelybug &#8211; petit mod\u00e8le 1 \u00e0 3 ans"},"content":{"rendered":"<p>Un trotteur vache de petite taille adapt\u00e9 aux enfants de 1 \u00e0 3 ans.<\/p>\n<p>Envie d&rsquo;en savoir plus sur les engagements de la marque?<br \/>\n\ud83d\udc49 Consultez la pr\u00e9sentation de Wheelybug.<\/p>\n<p><span style=\"font-size: 14.4px;\">\ud83d\udc95 Des roues qui tournent \u00e0 360\u00b0 pour une mobilit\u00e9 maximale !<\/span><\/p>\n<p>La Wheelybug petit mod\u00e8le peut supporter 25 kg.<\/p>\n<p>LE PRIX ABONN\u00c9 C&rsquo;EST QUOI?<br \/>\nVous avez un coup de coeur pour un jouet propos\u00e9 \u00e0 la location?<br \/>\nNous vous proposons de garder chaque jouet lou\u00e9 \u00e0 un prix pr\u00e9f\u00e9rentiel, clairement indiqu\u00e9 sur chaque fiche.<\/p>\n","protected":false},"excerpt":{"rendered":"<p>Trotteur vache pour les enfants de 1 \u00e0 3 ans<\/p>\n<p>\u2764 D\u00e9veloppe la motricit\u00e9 globale<br \/>\n\u2764 Super mignon ! \ud83d\udc2e<br \/>\n\u2764 <span style=\"font-size: 14.4px;\">Les roues tournent \u00e0 360\u00b0<\/span><\/p>\n","protected":false},"featured_media":2697,"template":"","meta":[],"product_cat":[15],"product_tag":[],"_links":{"self":[{"href":"https:\/\/www.lesjouetsvoyageurs.com\/location\/wp-json\/wp\/v2\/product\/2693"}],"collection":[{"href":"https:\/\/www.lesjouetsvoyageurs.com\/location\/wp-json\/wp\/v2\/product"}],"about":[{"href":"https:\/\/www.lesjouetsvoyageurs.com\/location\/wp-json\/wp\/v2\/types\/product"}],"wp:featuredmedia":[{"embeddable":true,"href":"https:\/\/www.lesjouetsvoyageurs.com\/location\/wp-json\/wp\/v2\/media\/2697"}],"wp:attachment":[{"href":"https:\/\/www.lesjouetsvoyageurs.com\/location\/wp-json\/wp\/v2\/media?parent=2693"}],"wp:term":[{"taxonomy":"product_cat","embeddable":true,"href":"https:\/\/www.lesjouetsvoyageurs.com\/location\/wp-json\/wp\/v2\/product_cat?post=2693"},{"taxonomy":"product_tag","embeddable":true,"href":"https:\/\/www.lesjouetsvoyageurs.com\/location\/wp-json\/wp\/v2\/product_tag?post=2693"}],"curies":[{"name":"wp","href":"https:\/\/api.w.org\/{rel}","templated":true}]}}