{"id":2713,"date":"2020-12-09T18:43:36","date_gmt":"2020-12-09T16:43:36","guid":{"rendered":"https:\/\/www.lesjouetsvoyageurs.com\/?post_type=product&#038;p=2713"},"modified":"2023-09-06T13:20:04","modified_gmt":"2023-09-06T11:20:04","slug":"bouteille-sensorielle-multicolore-petit-boum","status":"publish","type":"product","link":"https:\/\/www.lesjouetsvoyageurs.com\/location\/jouets\/bouteille-sensorielle-multicolore-petit-boum\/","title":{"rendered":"Bouteille sensorielle multicolore boutons Petit Boum"},"content":{"rendered":"<p>Les bouteilles sensorielles <a href=\"https:\/\/petitboum.com\/\" target=\"_blank\" rel=\"noopener\">Petit Boum<\/a> permettent de stimuler l&rsquo;\u00e9veil et peuvent \u00eatre manipul\u00e9es par les tout-petits d\u00e8s 3 mois.<br \/>\nElles sont incassables et parfaitement scell\u00e9es gr\u00e2ce \u00e0 un syst\u00e8me de double bouchon. Cette bouteille sensorielle multicolore contient des petits boutons, il faut secouer la bouteille pour les faire remonter \u00e0 la surface.<\/p>\n<p>Envie d&rsquo;en savoir plus sur les engagements de la marque?<br \/>\n\ud83d\udc49 <a href=\"https:\/\/www.lesjouetsvoyageurs.com\/location\/blog\/bouteilles-sensorielles-petit-boum\/\">Consultez la pr\u00e9sentation de Petit Boum.<\/a><\/p>\n<p><span style=\"font-size: 14.4px;\">\ud83d\udc95 A proposer d\u00e8s 3 mois.<\/span><\/p>\n<p>LE PRIX ABONN\u00c9 C&rsquo;EST QUOI?<br \/>\nVous avez un coup de coeur pour un jouet propos\u00e9 \u00e0 la location?<br \/>\nNous vous proposons de garder chaque jouet lou\u00e9 \u00e0 un prix pr\u00e9f\u00e9rentiel, clairement indiqu\u00e9 sur chaque fiche.<\/p>\n","protected":false},"excerpt":{"rendered":"<p>O\u00f9 sont cach\u00e9s les petits boutons ? \ud83d\udd0e<\/p>\n<p>\u2764 Bouteille sensorielle multicolore \u00e0 proposer d\u00e8s 3 mois<br \/>\n\u2764 Fabriqu\u00e9 en Espagne \ud83c\uddea\ud83c\uddf8<br \/>\n\u2764 Incassable et parfaitement scell\u00e9<\/p>\n","protected":false},"featured_media":2714,"template":"","meta":[],"product_cat":[15],"product_tag":[],"_links":{"self":[{"href":"https:\/\/www.lesjouetsvoyageurs.com\/location\/wp-json\/wp\/v2\/product\/2713"}],"collection":[{"href":"https:\/\/www.lesjouetsvoyageurs.com\/location\/wp-json\/wp\/v2\/product"}],"about":[{"href":"https:\/\/www.lesjouetsvoyageurs.com\/location\/wp-json\/wp\/v2\/types\/product"}],"wp:featuredmedia":[{"embeddable":true,"href":"https:\/\/www.lesjouetsvoyageurs.com\/location\/wp-json\/wp\/v2\/media\/2714"}],"wp:attachment":[{"href":"https:\/\/www.lesjouetsvoyageurs.com\/location\/wp-json\/wp\/v2\/media?parent=2713"}],"wp:term":[{"taxonomy":"product_cat","embeddable":true,"href":"https:\/\/www.lesjouetsvoyageurs.com\/location\/wp-json\/wp\/v2\/product_cat?post=2713"},{"taxonomy":"product_tag","embeddable":true,"href":"https:\/\/www.lesjouetsvoyageurs.com\/location\/wp-json\/wp\/v2\/product_tag?post=2713"}],"curies":[{"name":"wp","href":"https:\/\/api.w.org\/{rel}","templated":true}]}}