{"id":2743,"date":"2020-12-10T10:49:16","date_gmt":"2020-12-10T08:49:16","guid":{"rendered":"https:\/\/www.lesjouetsvoyageurs.com\/?post_type=product&#038;p=2743"},"modified":"2021-12-11T17:18:08","modified_gmt":"2021-12-11T15:18:08","slug":"puzzle-magnetique-renard-tenderleaf","status":"publish","type":"product","link":"https:\/\/www.lesjouetsvoyageurs.com\/location\/jouets\/puzzle-magnetique-renard-tenderleaf\/","title":{"rendered":"Puzzle magn\u00e9tique \u00e0 assembler &#8211; TenderLeaf"},"content":{"rendered":"<p>Avec ce puzzle magn\u00e9tique, l&rsquo;enfant doit reconstituer le renard, le nid et l&rsquo;arbre en assemblant 8 pi\u00e8ces en bois qui viennent se placer sur un socle en bois d&rsquo;h\u00e9v\u00e9a. Ce jouet peut \u00eatre propos\u00e9 aux enfants d\u00e8s 18 mois.<\/p>\n<p>Un jouet en bois d&rsquo;h\u00e9v\u00e9a issu d&rsquo;une culture durable et responsable.<\/p>\n<p>Envie d&rsquo;en savoir plus sur les engagements de la marque?<br \/>\n\ud83d\udc49 Consultez la pr\u00e9sentation de TenderLeaf.<\/p>\n<p><span style=\"font-size: 14.4px;\">\ud83d\udc95 Pi\u00e8ces magn\u00e9tiques<\/span><\/p>\n<p>A proposer \u00e0 partir de 18 mois.<\/p>\n<p>LE PRIX ABONN\u00c9 C&rsquo;EST QUOI?<br \/>\nVous avez un coup de coeur pour un jouet propos\u00e9 \u00e0 la location?<br \/>\nNous vous proposons de garder chaque jouet lou\u00e9 \u00e0 un prix pr\u00e9f\u00e9rentiel, clairement indiqu\u00e9 sur chaque fiche.<\/p>\n","protected":false},"excerpt":{"rendered":"<p>Puzzle magn\u00e9tique de la for\u00eat \ud83e\udd8a<\/p>\n<p>\u2764 8 pi\u00e8ces \u00e0 empiler<br \/>\n\u2764 Id\u00e9al d\u00e8s 18 mois<br \/>\n\u2764 <span style=\"font-size: 14.4px;\">Bois d&rsquo;h\u00e9v\u00e9a durable \ud83c\udf3f<\/span><\/p>\n","protected":false},"featured_media":2745,"template":"","meta":[],"product_cat":[15],"product_tag":[],"_links":{"self":[{"href":"https:\/\/www.lesjouetsvoyageurs.com\/location\/wp-json\/wp\/v2\/product\/2743"}],"collection":[{"href":"https:\/\/www.lesjouetsvoyageurs.com\/location\/wp-json\/wp\/v2\/product"}],"about":[{"href":"https:\/\/www.lesjouetsvoyageurs.com\/location\/wp-json\/wp\/v2\/types\/product"}],"wp:featuredmedia":[{"embeddable":true,"href":"https:\/\/www.lesjouetsvoyageurs.com\/location\/wp-json\/wp\/v2\/media\/2745"}],"wp:attachment":[{"href":"https:\/\/www.lesjouetsvoyageurs.com\/location\/wp-json\/wp\/v2\/media?parent=2743"}],"wp:term":[{"taxonomy":"product_cat","embeddable":true,"href":"https:\/\/www.lesjouetsvoyageurs.com\/location\/wp-json\/wp\/v2\/product_cat?post=2743"},{"taxonomy":"product_tag","embeddable":true,"href":"https:\/\/www.lesjouetsvoyageurs.com\/location\/wp-json\/wp\/v2\/product_tag?post=2743"}],"curies":[{"name":"wp","href":"https:\/\/api.w.org\/{rel}","templated":true}]}}