{"id":2746,"date":"2020-12-10T11:00:38","date_gmt":"2020-12-10T09:00:38","guid":{"rendered":"https:\/\/www.lesjouetsvoyageurs.com\/?post_type=product&#038;p=2746"},"modified":"2022-06-09T10:27:29","modified_gmt":"2022-06-09T08:27:29","slug":"amis-jardin-jouet-empiler-tenderleaf","status":"publish","type":"product","link":"https:\/\/www.lesjouetsvoyageurs.com\/location\/jouets\/amis-jardin-jouet-empiler-tenderleaf\/","title":{"rendered":"Les animaux du jardin &#8211; jouets \u00e0 empiler TenderLeaf"},"content":{"rendered":"<p>Ce jeu comprend 15 pi\u00e8ces en bois d&rsquo;h\u00e9v\u00e9a pour recr\u00e9er un jardin plein de vie. Autour de l&rsquo;arbre se retrouvent un chat, un chien, un escargot, un oiseau, un \u00e9cureuil, un renard, une tortue et un h\u00e9risson : de quoi imaginer de belles histoires!<\/p>\n<p><em>Attention, la souris pr\u00e9sent\u00e9e sur le visuel est absente.<\/em><\/p>\n<p>Un jouet en bois d&rsquo;h\u00e9v\u00e9a issu d&rsquo;une culture durable et responsable.<\/p>\n<p>Envie d&rsquo;en savoir plus sur les engagements de la marque?<br \/>\n\ud83d\udc49 Consultez la pr\u00e9sentation de TenderLeaf.<\/p>\n<p><span style=\"font-size: 14.4px;\">\ud83d\udc95 Jolies couleurs pastel<\/span><\/p>\n<p>A proposer \u00e0 partir de 18 mois.<\/p>\n<p>LE PRIX ABONN\u00c9 C&rsquo;EST QUOI?<br \/>\nVous avez un coup de coeur pour un jouet propos\u00e9 \u00e0 la location?<br \/>\nNous vous proposons de garder chaque jouet lou\u00e9 \u00e0 un prix pr\u00e9f\u00e9rentiel, clairement indiqu\u00e9 sur chaque fiche.<\/p>\n","protected":false},"excerpt":{"rendered":"<p>Amusement avec les figurines animaux du jardin en bois<\/p>\n<p>\u2764 15 pi\u00e8ces dont 9 animaux \ud83d\udc07 \ud83d\udc0c\u00a0 \ud83d\udc22<br \/>\n\u2764 Id\u00e9al d\u00e8s 18 mois<br \/>\n\u2764 <span style=\"font-size: 14.4px;\">Bois d&rsquo;h\u00e9v\u00e9a durable \ud83c\udf3f<\/span><\/p>\n","protected":false},"featured_media":2748,"template":"","meta":[],"product_cat":[15],"product_tag":[],"_links":{"self":[{"href":"https:\/\/www.lesjouetsvoyageurs.com\/location\/wp-json\/wp\/v2\/product\/2746"}],"collection":[{"href":"https:\/\/www.lesjouetsvoyageurs.com\/location\/wp-json\/wp\/v2\/product"}],"about":[{"href":"https:\/\/www.lesjouetsvoyageurs.com\/location\/wp-json\/wp\/v2\/types\/product"}],"wp:featuredmedia":[{"embeddable":true,"href":"https:\/\/www.lesjouetsvoyageurs.com\/location\/wp-json\/wp\/v2\/media\/2748"}],"wp:attachment":[{"href":"https:\/\/www.lesjouetsvoyageurs.com\/location\/wp-json\/wp\/v2\/media?parent=2746"}],"wp:term":[{"taxonomy":"product_cat","embeddable":true,"href":"https:\/\/www.lesjouetsvoyageurs.com\/location\/wp-json\/wp\/v2\/product_cat?post=2746"},{"taxonomy":"product_tag","embeddable":true,"href":"https:\/\/www.lesjouetsvoyageurs.com\/location\/wp-json\/wp\/v2\/product_tag?post=2746"}],"curies":[{"name":"wp","href":"https:\/\/api.w.org\/{rel}","templated":true}]}}