{"id":2749,"date":"2020-12-10T11:14:06","date_gmt":"2020-12-10T09:14:06","guid":{"rendered":"https:\/\/www.lesjouetsvoyageurs.com\/?post_type=product&#038;p=2749"},"modified":"2022-05-29T09:57:10","modified_gmt":"2022-05-29T07:57:10","slug":"station-spatiale-vie-sur-mars-tenderleaf","status":"publish","type":"product","link":"https:\/\/www.lesjouetsvoyageurs.com\/location\/jouets\/station-spatiale-vie-sur-mars-tenderleaf\/","title":{"rendered":"Station spatiale pour enfants &#8211; TenderLeaf"},"content":{"rendered":"<p>Cette station spatiale pour enfants comprend 16 pi\u00e8ces en bois d&rsquo;h\u00e9v\u00e9a. Votre enfant pourra construire sa propre station spatiale sur Mars! Si votre enfant s&rsquo;int\u00e9resse \u00e0 l&rsquo;espace, il va adorer ce jouet tr\u00e8s complet qui devrait l&rsquo;occuper pendant des heures.<\/p>\n<p>Un jouet en bois d&rsquo;h\u00e9v\u00e9a issu d&rsquo;une culture durable et responsable.<\/p>\n<p>Envie d&rsquo;en savoir plus sur les engagements de la marque?<br \/>\n\ud83d\udc49 Consultez la pr\u00e9sentation de TenderLeaf.<\/p>\n<p><span style=\"font-size: 14.4px;\">\ud83d\udc95 Favorise l&rsquo;imagination de l&rsquo;enfant<\/span><\/p>\n<p><span style=\"font-size: 14.4px;\">A proposer \u00e0 partir de 3 ans.<\/span><\/p>\n<p>LE PRIX ABONN\u00c9 C&rsquo;EST QUOI?<br \/>\nVous avez un coup de coeur pour un jouet propos\u00e9 \u00e0 la location?<br \/>\nNous vous proposons de garder chaque jouet lou\u00e9 \u00e0 un prix pr\u00e9f\u00e9rentiel, clairement indiqu\u00e9 sur chaque fiche.<\/p>\n","protected":false},"excerpt":{"rendered":"<p>Une base spatiale tr\u00e8s compl\u00e8te \ud83d\ude80<\/p>\n<p>\u2764 16 pi\u00e8ces pour des heures de jeu !<br \/>\n\u2764 A proposer d\u00e8s 3 ans<br \/>\n\u2764 <span style=\"font-size: 14.4px;\">Bois d&rsquo;h\u00e9v\u00e9a durable \ud83c\udf3f<\/span><\/p>\n","protected":false},"featured_media":2751,"template":"","meta":[],"product_cat":[15],"product_tag":[],"_links":{"self":[{"href":"https:\/\/www.lesjouetsvoyageurs.com\/location\/wp-json\/wp\/v2\/product\/2749"}],"collection":[{"href":"https:\/\/www.lesjouetsvoyageurs.com\/location\/wp-json\/wp\/v2\/product"}],"about":[{"href":"https:\/\/www.lesjouetsvoyageurs.com\/location\/wp-json\/wp\/v2\/types\/product"}],"wp:featuredmedia":[{"embeddable":true,"href":"https:\/\/www.lesjouetsvoyageurs.com\/location\/wp-json\/wp\/v2\/media\/2751"}],"wp:attachment":[{"href":"https:\/\/www.lesjouetsvoyageurs.com\/location\/wp-json\/wp\/v2\/media?parent=2749"}],"wp:term":[{"taxonomy":"product_cat","embeddable":true,"href":"https:\/\/www.lesjouetsvoyageurs.com\/location\/wp-json\/wp\/v2\/product_cat?post=2749"},{"taxonomy":"product_tag","embeddable":true,"href":"https:\/\/www.lesjouetsvoyageurs.com\/location\/wp-json\/wp\/v2\/product_tag?post=2749"}],"curies":[{"name":"wp","href":"https:\/\/api.w.org\/{rel}","templated":true}]}}