{"id":2752,"date":"2020-12-10T11:56:13","date_gmt":"2020-12-10T09:56:13","guid":{"rendered":"https:\/\/www.lesjouetsvoyageurs.com\/?post_type=product&#038;p=2752"},"modified":"2022-09-18T17:29:02","modified_gmt":"2022-09-18T15:29:02","slug":"ensemble-dinosaures-tenderleaf","status":"publish","type":"product","link":"https:\/\/www.lesjouetsvoyageurs.com\/location\/jouets\/ensemble-dinosaures-tenderleaf\/","title":{"rendered":"8 dinosaures en bois d&rsquo;h\u00e9v\u00e9a &#8211; TenderLeaf"},"content":{"rendered":"<p>Si votre enfant s&rsquo;int\u00e9resse aux dinosaures, il va adorer ce set de 8 dinosaures qui devrait l&rsquo;occuper pendant des heures ! Cet ensemble comprend un tyrannosaure, un velociraptor, un parasaurolophus, un triceratops, un pterodactyl, un stegosaure, un ankylosaure et un brachiosaure. Les figurines sont fabriqu\u00e9es en bois d&rsquo;h\u00e9v\u00e9a durable et color\u00e9es avec des pigments naturels.<\/p>\n<p>Un jouet en bois d&rsquo;h\u00e9v\u00e9a issu d&rsquo;une culture durable et responsable.<\/p>\n<p>Envie d&rsquo;en savoir plus sur les engagements de la marque?<br \/>\n\ud83d\udc49 Consultez la pr\u00e9sentation de TenderLeaf.<\/p>\n<p><span style=\"font-size: 14.4px;\">\ud83d\udc95 Favorise l&rsquo;imagination de l&rsquo;enfant<\/span><\/p>\n<p><span style=\"font-size: 14.4px;\">A proposer \u00e0 partir de 3 ans.<\/span><\/p>\n<p>LE PRIX ABONN\u00c9 C&rsquo;EST QUOI?<br \/>\nVous avez un coup de coeur pour un jouet propos\u00e9 \u00e0 la location?<br \/>\nNous vous proposons de garder chaque jouet lou\u00e9 \u00e0 un prix pr\u00e9f\u00e9rentiel, clairement indiqu\u00e9 sur chaque fiche.<\/p>\n","protected":false},"excerpt":{"rendered":"<p>8 dinosaures pour des heures de jeu !<\/p>\n<p>\u2764 Pigments naturels<br \/>\n\u2764 <span style=\"font-size: 14.4px;\">Bois d&rsquo;h\u00e9v\u00e9a durable \ud83c\udf3f<br \/>\n\u2764 A proposer d\u00e8s 3 ans<br \/>\n<\/span><\/p>\n","protected":false},"featured_media":2756,"template":"","meta":[],"product_cat":[15],"product_tag":[],"_links":{"self":[{"href":"https:\/\/www.lesjouetsvoyageurs.com\/location\/wp-json\/wp\/v2\/product\/2752"}],"collection":[{"href":"https:\/\/www.lesjouetsvoyageurs.com\/location\/wp-json\/wp\/v2\/product"}],"about":[{"href":"https:\/\/www.lesjouetsvoyageurs.com\/location\/wp-json\/wp\/v2\/types\/product"}],"wp:featuredmedia":[{"embeddable":true,"href":"https:\/\/www.lesjouetsvoyageurs.com\/location\/wp-json\/wp\/v2\/media\/2756"}],"wp:attachment":[{"href":"https:\/\/www.lesjouetsvoyageurs.com\/location\/wp-json\/wp\/v2\/media?parent=2752"}],"wp:term":[{"taxonomy":"product_cat","embeddable":true,"href":"https:\/\/www.lesjouetsvoyageurs.com\/location\/wp-json\/wp\/v2\/product_cat?post=2752"},{"taxonomy":"product_tag","embeddable":true,"href":"https:\/\/www.lesjouetsvoyageurs.com\/location\/wp-json\/wp\/v2\/product_tag?post=2752"}],"curies":[{"name":"wp","href":"https:\/\/api.w.org\/{rel}","templated":true}]}}