{"id":2760,"date":"2020-12-10T12:55:55","date_gmt":"2020-12-10T10:55:55","guid":{"rendered":"https:\/\/www.lesjouetsvoyageurs.com\/?post_type=product&#038;p=2760"},"modified":"2022-03-25T18:01:23","modified_gmt":"2022-03-25T16:01:23","slug":"ensemble-animaux-ferme-bois-tenderleaf","status":"publish","type":"product","link":"https:\/\/www.lesjouetsvoyageurs.com\/location\/jouets\/ensemble-animaux-ferme-bois-tenderleaf\/","title":{"rendered":"9 figurines animaux de la ferme et tracteur &#8211; TenderLeaf"},"content":{"rendered":"<p>Direction la ferme avec le fermier et ses animaux. Cet ensemble comprend une un chien de berger, une oie, un mouton, un coq, une poule, des poussins, une vache, un cochon, un \u00e2ne et le fermier. Les figurines sont fabriqu\u00e9es en bois d&rsquo;h\u00e9v\u00e9a durable et color\u00e9es avec des pigments naturels.<\/p>\n<p>Envie d&rsquo;en savoir plus sur les engagements de la marque?<br \/>\n\ud83d\udc49 Consultez la pr\u00e9sentation de TenderLeaf.<\/p>\n<p><span style=\"font-size: 14.4px;\">\ud83d\udc95 Favorise l&rsquo;imagination de l&rsquo;enfant<\/span><\/p>\n<p><span style=\"font-size: 14.4px;\">A proposer \u00e0 partir de 3 ans.<\/span><\/p>\n<p>LE PRIX ABONN\u00c9 C&rsquo;EST QUOI?<br \/>\nVous avez un coup de coeur pour un jouet propos\u00e9 \u00e0 la location?<br \/>\nNous vous proposons de garder chaque jouet lou\u00e9 \u00e0 un prix pr\u00e9f\u00e9rentiel, clairement indiqu\u00e9 sur chaque fiche.<\/p>\n","protected":false},"excerpt":{"rendered":"<p>9 animaux pour des heures de jeu ! \ud83d\udc14<\/p>\n<p>\u2764 Comprend \u00e9galement le fermier sur son tracteur \ud83d\ude9c<br \/>\n\u2764 <span style=\"font-size: 14.4px;\">Bois d&rsquo;h\u00e9v\u00e9a durable \ud83c\udf3f<br \/>\n\u2764 A proposer d\u00e8s 3 ans<br \/>\n<\/span><\/p>\n","protected":false},"featured_media":2763,"template":"","meta":[],"product_cat":[15],"product_tag":[],"_links":{"self":[{"href":"https:\/\/www.lesjouetsvoyageurs.com\/location\/wp-json\/wp\/v2\/product\/2760"}],"collection":[{"href":"https:\/\/www.lesjouetsvoyageurs.com\/location\/wp-json\/wp\/v2\/product"}],"about":[{"href":"https:\/\/www.lesjouetsvoyageurs.com\/location\/wp-json\/wp\/v2\/types\/product"}],"wp:featuredmedia":[{"embeddable":true,"href":"https:\/\/www.lesjouetsvoyageurs.com\/location\/wp-json\/wp\/v2\/media\/2763"}],"wp:attachment":[{"href":"https:\/\/www.lesjouetsvoyageurs.com\/location\/wp-json\/wp\/v2\/media?parent=2760"}],"wp:term":[{"taxonomy":"product_cat","embeddable":true,"href":"https:\/\/www.lesjouetsvoyageurs.com\/location\/wp-json\/wp\/v2\/product_cat?post=2760"},{"taxonomy":"product_tag","embeddable":true,"href":"https:\/\/www.lesjouetsvoyageurs.com\/location\/wp-json\/wp\/v2\/product_tag?post=2760"}],"curies":[{"name":"wp","href":"https:\/\/api.w.org\/{rel}","templated":true}]}}