{"id":2764,"date":"2020-12-10T13:43:20","date_gmt":"2020-12-10T11:43:20","guid":{"rendered":"https:\/\/www.lesjouetsvoyageurs.com\/?post_type=product&#038;p=2764"},"modified":"2022-03-25T18:01:11","modified_gmt":"2022-03-25T16:01:11","slug":"ensemble-animaux-foret-tenderleaf","status":"publish","type":"product","link":"https:\/\/www.lesjouetsvoyageurs.com\/location\/jouets\/ensemble-animaux-foret-tenderleaf\/","title":{"rendered":"8 figurines en bois animaux de la for\u00eat &#8211; TenderLeaf"},"content":{"rendered":"<p>Les animaux de la for\u00eat sont r\u00e9unis dans ce set qui comprend un faon, un li\u00e8vre, un lapin, une loutre, un h\u00e9risson, un \u00e9cureuil, un blaireau et un renard. Les figurines sont fabriqu\u00e9es en bois d&rsquo;h\u00e9v\u00e9a durable et color\u00e9es avec des pigments naturels.<\/p>\n<p>Envie d&rsquo;en savoir plus sur les engagements de la marque?<br \/>\n\ud83d\udc49 Consultez la pr\u00e9sentation de TenderLeaf.<\/p>\n<p><span style=\"font-size: 14.4px;\">\ud83d\udc95 Favorise l&rsquo;imagination de l&rsquo;enfant<\/span><\/p>\n<p><span style=\"font-size: 14.4px;\">A proposer \u00e0 partir de 3 ans.<\/span><\/p>\n<p>LE PRIX ABONN\u00c9 C&rsquo;EST QUOI?<br \/>\nVous avez un coup de coeur pour un jouet propos\u00e9 \u00e0 la location?<br \/>\nNous vous proposons de garder chaque jouet lou\u00e9 \u00e0 un prix pr\u00e9f\u00e9rentiel, clairement indiqu\u00e9 sur chaque fiche.<\/p>\n","protected":false},"excerpt":{"rendered":"<p>Direction le bois de quat&rsquo;sous ! \ud83d\udc07<\/p>\n<p>\u2764 8 animaux tr\u00e8s mignons<br \/>\n\u2764 <span style=\"font-size: 14.4px;\">Bois d&rsquo;h\u00e9v\u00e9a durable \ud83c\udf3f<br \/>\n\u2764 A proposer d\u00e8s 3 ans<br \/>\n<\/span><\/p>\n","protected":false},"featured_media":2765,"template":"","meta":[],"product_cat":[15],"product_tag":[],"_links":{"self":[{"href":"https:\/\/www.lesjouetsvoyageurs.com\/location\/wp-json\/wp\/v2\/product\/2764"}],"collection":[{"href":"https:\/\/www.lesjouetsvoyageurs.com\/location\/wp-json\/wp\/v2\/product"}],"about":[{"href":"https:\/\/www.lesjouetsvoyageurs.com\/location\/wp-json\/wp\/v2\/types\/product"}],"wp:featuredmedia":[{"embeddable":true,"href":"https:\/\/www.lesjouetsvoyageurs.com\/location\/wp-json\/wp\/v2\/media\/2765"}],"wp:attachment":[{"href":"https:\/\/www.lesjouetsvoyageurs.com\/location\/wp-json\/wp\/v2\/media?parent=2764"}],"wp:term":[{"taxonomy":"product_cat","embeddable":true,"href":"https:\/\/www.lesjouetsvoyageurs.com\/location\/wp-json\/wp\/v2\/product_cat?post=2764"},{"taxonomy":"product_tag","embeddable":true,"href":"https:\/\/www.lesjouetsvoyageurs.com\/location\/wp-json\/wp\/v2\/product_tag?post=2764"}],"curies":[{"name":"wp","href":"https:\/\/api.w.org\/{rel}","templated":true}]}}