{"id":3225,"date":"2020-12-16T15:22:09","date_gmt":"2020-12-16T13:22:09","guid":{"rendered":"https:\/\/www.lesjouetsvoyageurs.com\/?post_type=product&#038;p=3225"},"modified":"2023-10-21T13:42:58","modified_gmt":"2023-10-21T11:42:58","slug":"le-verger-haba-3-6-ans","status":"publish","type":"product","link":"https:\/\/www.lesjouetsvoyageurs.com\/location\/jouets\/le-verger-haba-3-6-ans\/","title":{"rendered":"Jeu de soci\u00e9t\u00e9 Le Verger pour les 3-6 ans \u2013 Haba"},"content":{"rendered":"<p>Dans le verger, il y a des fruits plein les arbres ! Les enfants doivent les r\u00e9colter ensemble et les placer dans des petits paniers en osier avant que le corbeau ne s&rsquo;en empare&#8230; Un chouette jeu de coop\u00e9ration pour les enfants de 3 \u00e0 6 ans m\u00eame s&rsquo;il est aussi possible de jouer seul. Chaque partie dure environ 15 minutes.<\/p>\n<p>Envie d&rsquo;en savoir plus sur les engagements de la marque?<br \/>\n\ud83d\udc49 Consultez la pr\u00e9sentation de Haba.<\/p>\n<p><span style=\"font-size: 14.4px;\">\ud83d\udc95 Un jeu de soci\u00e9t\u00e9 coop\u00e9ratif<\/span><\/p>\n<p>Un jeu \u00e0 proposer \u00e0 partir de 3 ans et jusque 6 ans.<\/p>\n<p>LE PRIX ABONN\u00c9 C&rsquo;EST QUOI?<br \/>\nVous avez un coup de coeur pour un jouet propos\u00e9 \u00e0 la location?<br \/>\nNous vous proposons de garder chaque jouet lou\u00e9 \u00e0 un prix pr\u00e9f\u00e9rentiel, clairement indiqu\u00e9 sur chaque fiche.<\/p>\n","protected":false},"excerpt":{"rendered":"<p>Jeu de soci\u00e9t\u00e9 coop\u00e9ratif d\u00e8s 3 ans<\/p>\n<p>\u2764 Avec des fruits en bois \ud83c\udf4e \ud83c\udf50<br \/>\n\u2764 Le plus c\u00e9l\u00e8bre des jeux Haba !<br \/>\n\u2764 Peut aussi se jouer seul<br \/>\n\u2764 Chaque partie dure 15 minutes environ \u23f1\ufe0f<\/p>\n","protected":false},"featured_media":3227,"template":"","meta":[],"product_cat":[15],"product_tag":[],"_links":{"self":[{"href":"https:\/\/www.lesjouetsvoyageurs.com\/location\/wp-json\/wp\/v2\/product\/3225"}],"collection":[{"href":"https:\/\/www.lesjouetsvoyageurs.com\/location\/wp-json\/wp\/v2\/product"}],"about":[{"href":"https:\/\/www.lesjouetsvoyageurs.com\/location\/wp-json\/wp\/v2\/types\/product"}],"wp:featuredmedia":[{"embeddable":true,"href":"https:\/\/www.lesjouetsvoyageurs.com\/location\/wp-json\/wp\/v2\/media\/3227"}],"wp:attachment":[{"href":"https:\/\/www.lesjouetsvoyageurs.com\/location\/wp-json\/wp\/v2\/media?parent=3225"}],"wp:term":[{"taxonomy":"product_cat","embeddable":true,"href":"https:\/\/www.lesjouetsvoyageurs.com\/location\/wp-json\/wp\/v2\/product_cat?post=3225"},{"taxonomy":"product_tag","embeddable":true,"href":"https:\/\/www.lesjouetsvoyageurs.com\/location\/wp-json\/wp\/v2\/product_tag?post=3225"}],"curies":[{"name":"wp","href":"https:\/\/api.w.org\/{rel}","templated":true}]}}