{"id":3228,"date":"2020-12-16T15:41:04","date_gmt":"2020-12-16T13:41:04","guid":{"rendered":"https:\/\/www.lesjouetsvoyageurs.com\/?post_type=product&#038;p=3228"},"modified":"2022-09-18T17:26:34","modified_gmt":"2022-09-18T15:26:34","slug":"jeu-de-societe-froggie-nenuphars-haba","status":"publish","type":"product","link":"https:\/\/www.lesjouetsvoyageurs.com\/location\/jouets\/jeu-de-societe-froggie-nenuphars-haba\/","title":{"rendered":"Jeu de soci\u00e9t\u00e9 Froggie et les n\u00e9nuphars \u2013 Haba"},"content":{"rendered":"<p>Froggie et ses amies sont des petites grenouilles qui font la course. A l&rsquo;aide du d\u00e9, les petits joueurs font faire le tour du lac aux petites grenouilles et accumulent les feuilles de n\u00e9nuphar pour faire \u00e9clore une jolie fleur ! Un jeu pour 2 \u00e0 4 joueurs qui se joue en 15 minutes environ.<\/p>\n<p>Envie d&rsquo;en savoir plus sur les engagements de la marque?<br \/>\n\ud83d\udc49 Consultez la pr\u00e9sentation de Haba.<\/p>\n<p><span style=\"font-size: 14.4px;\">\ud83d\udc95 L&rsquo;effet \u00ab\u00a0pop-up\u00a0\u00bb des n\u00e9nuphars qui plait beaucoup aux enfants !<\/span><\/p>\n<p>Un jeu \u00e0 proposer \u00e0 partir de 3 ans et jusque 7 ans gr\u00e2ce \u00e0 une variante de r\u00e8gles.<\/p>\n<p>LE PRIX ABONN\u00c9 C&rsquo;EST QUOI?<br \/>\nVous avez un coup de coeur pour un jouet propos\u00e9 \u00e0 la location?<br \/>\nNous vous proposons de garder chaque jouet lou\u00e9 \u00e0 un prix pr\u00e9f\u00e9rentiel, clairement indiqu\u00e9 sur chaque fiche.<\/p>\n","protected":false},"excerpt":{"rendered":"<p>Froggie : Une course de grenouilles palpitante ! \ud83d\udc38<\/p>\n<p>\u2764 A proposer \u00e0 partir de 3 ans<br \/>\n\u2764 Variante de r\u00e8gles pour jouer jusque 7 ans<br \/>\n\u2764 Chaque partie dure 15 minutes environ \u23f1\ufe0f<\/p>\n","protected":false},"featured_media":3229,"template":"","meta":[],"product_cat":[15],"product_tag":[],"_links":{"self":[{"href":"https:\/\/www.lesjouetsvoyageurs.com\/location\/wp-json\/wp\/v2\/product\/3228"}],"collection":[{"href":"https:\/\/www.lesjouetsvoyageurs.com\/location\/wp-json\/wp\/v2\/product"}],"about":[{"href":"https:\/\/www.lesjouetsvoyageurs.com\/location\/wp-json\/wp\/v2\/types\/product"}],"wp:featuredmedia":[{"embeddable":true,"href":"https:\/\/www.lesjouetsvoyageurs.com\/location\/wp-json\/wp\/v2\/media\/3229"}],"wp:attachment":[{"href":"https:\/\/www.lesjouetsvoyageurs.com\/location\/wp-json\/wp\/v2\/media?parent=3228"}],"wp:term":[{"taxonomy":"product_cat","embeddable":true,"href":"https:\/\/www.lesjouetsvoyageurs.com\/location\/wp-json\/wp\/v2\/product_cat?post=3228"},{"taxonomy":"product_tag","embeddable":true,"href":"https:\/\/www.lesjouetsvoyageurs.com\/location\/wp-json\/wp\/v2\/product_tag?post=3228"}],"curies":[{"name":"wp","href":"https:\/\/api.w.org\/{rel}","templated":true}]}}