{"id":3231,"date":"2020-12-16T15:57:08","date_gmt":"2020-12-16T13:57:08","guid":{"rendered":"https:\/\/www.lesjouetsvoyageurs.com\/?post_type=product&#038;p=3231"},"modified":"2022-09-18T17:26:21","modified_gmt":"2022-09-18T15:26:21","slug":"jeu-de-societe-loco-couleurs-haba","status":"publish","type":"product","link":"https:\/\/www.lesjouetsvoyageurs.com\/location\/jouets\/jeu-de-societe-loco-couleurs-haba\/","title":{"rendered":"Jeu de soci\u00e9t\u00e9 La loco des couleurs \u2013 Haba"},"content":{"rendered":"<p>La loco des couleurs va entrer en gare et les passagers attendent son arriv\u00e9e sur le quai ! Les petits joueurs pourront-ils les amener \u00e0 destination \u00e0 l&rsquo;aide du d\u00e9 et des aiguillages ? Ce jeu se joue de 2 \u00e0 4 joueurs et chaque partie dure environ 10 minutes.<\/p>\n<p>Envie d&rsquo;en savoir plus sur les engagements de la marque?<br \/>\n\ud83d\udc49 Consultez la pr\u00e9sentation de Haba.<\/p>\n<p><span style=\"font-size: 14.4px;\">\ud83d\udc95 Les enfants adorent d\u00e9placer le train sur le plateau de jeu.<\/span><\/p>\n<p>Un jeu \u00e0 proposer \u00e0 partir de 3 ans et jusque 8 ans.<\/p>\n<p>LE PRIX ABONN\u00c9 C&rsquo;EST QUOI?<br \/>\nVous avez un coup de coeur pour un jouet propos\u00e9 \u00e0 la location?<br \/>\nNous vous proposons de garder chaque jouet lou\u00e9 \u00e0 un prix pr\u00e9f\u00e9rentiel, clairement indiqu\u00e9 sur chaque fiche.<\/p>\n","protected":false},"excerpt":{"rendered":"<p>La locomotive des couleurs va entrer en gare ! \ud83d\ude83<\/p>\n<p>\u2764 De 3 ans \u00e0 8 ans avec diff\u00e9rents niveaux de difficult\u00e9<br \/>\n\u2764 Plateau de jeu XXL<br \/>\n\u2764 Chaque partie dure 10 minutes environ \u23f1\ufe0f<\/p>\n","protected":false},"featured_media":4941,"template":"","meta":[],"product_cat":[15],"product_tag":[],"_links":{"self":[{"href":"https:\/\/www.lesjouetsvoyageurs.com\/location\/wp-json\/wp\/v2\/product\/3231"}],"collection":[{"href":"https:\/\/www.lesjouetsvoyageurs.com\/location\/wp-json\/wp\/v2\/product"}],"about":[{"href":"https:\/\/www.lesjouetsvoyageurs.com\/location\/wp-json\/wp\/v2\/types\/product"}],"wp:featuredmedia":[{"embeddable":true,"href":"https:\/\/www.lesjouetsvoyageurs.com\/location\/wp-json\/wp\/v2\/media\/4941"}],"wp:attachment":[{"href":"https:\/\/www.lesjouetsvoyageurs.com\/location\/wp-json\/wp\/v2\/media?parent=3231"}],"wp:term":[{"taxonomy":"product_cat","embeddable":true,"href":"https:\/\/www.lesjouetsvoyageurs.com\/location\/wp-json\/wp\/v2\/product_cat?post=3231"},{"taxonomy":"product_tag","embeddable":true,"href":"https:\/\/www.lesjouetsvoyageurs.com\/location\/wp-json\/wp\/v2\/product_tag?post=3231"}],"curies":[{"name":"wp","href":"https:\/\/api.w.org\/{rel}","templated":true}]}}