{"id":3234,"date":"2020-12-16T16:11:46","date_gmt":"2020-12-16T14:11:46","guid":{"rendered":"https:\/\/www.lesjouetsvoyageurs.com\/?post_type=product&#038;p=3234"},"modified":"2023-03-28T11:14:53","modified_gmt":"2023-03-28T09:14:53","slug":"jeu-de-societe-karuba-junior-haba","status":"publish","type":"product","link":"https:\/\/www.lesjouetsvoyageurs.com\/location\/jouets\/jeu-de-societe-karuba-junior-haba\/","title":{"rendered":"Jeu de soci\u00e9t\u00e9 Karuba Junior \u2013 Haba"},"content":{"rendered":"<p>D\u00e8s 4 ans, les enfants peuvent se transformer en intr\u00e9pides aventuriers et partir \u00e0 la recherche de tr\u00e9sors sur l&rsquo;\u00eele de Karuba. Ils devront faire preuve de coop\u00e9ration pour poser les tuiles \u00ab\u00a0sentier\u00a0\u00bb qui leur permettront de r\u00e9cup\u00e9rer les tr\u00e9sors cach\u00e9s sur l&rsquo;\u00eele. Il faudra aussi faire attention aux tigres et agir vite avant que les pirates n&rsquo;arrivent. Une aventure passionnante pour les enfants de 4 \u00e0 8 ans !<\/p>\n<p>Envie d&rsquo;en savoir plus sur les engagements de la marque?<br \/>\n\ud83d\udc49 Consultez la pr\u00e9sentation de Haba.<\/p>\n<p><span style=\"font-size: 14.4px;\">\ud83d\udc95 Une r\u00e8gle simple et des grandes figurines en bois.<\/span><\/p>\n<p>Un jeu \u00e0 proposer \u00e0 partir de 4 ans et jusque 8 ans.<\/p>\n<p>LE PRIX ABONN\u00c9 C&rsquo;EST QUOI?<br \/>\nVous avez un coup de coeur pour un jouet propos\u00e9 \u00e0 la location?<br \/>\nNous vous proposons de garder chaque jouet lou\u00e9 \u00e0 un prix pr\u00e9f\u00e9rentiel, clairement indiqu\u00e9 sur chaque fiche.<\/p>\n","protected":false},"excerpt":{"rendered":"<p>Partez \u00e0 la recherche de tr\u00e9sors sur l&rsquo;\u00eele de Karuba ! \ud83c\udf34<\/p>\n<p>\u2764 Jeu coop\u00e9ratif de 4 \u00e0 8 ans<br \/>\n\u2764 Figurines de jeu en bois grand format<br \/>\n\u2764 Chaque partie dure 5 \u00e0 10 minutes \u23f1\ufe0f<\/p>\n","protected":false},"featured_media":4939,"template":"","meta":[],"product_cat":[15],"product_tag":[],"_links":{"self":[{"href":"https:\/\/www.lesjouetsvoyageurs.com\/location\/wp-json\/wp\/v2\/product\/3234"}],"collection":[{"href":"https:\/\/www.lesjouetsvoyageurs.com\/location\/wp-json\/wp\/v2\/product"}],"about":[{"href":"https:\/\/www.lesjouetsvoyageurs.com\/location\/wp-json\/wp\/v2\/types\/product"}],"wp:featuredmedia":[{"embeddable":true,"href":"https:\/\/www.lesjouetsvoyageurs.com\/location\/wp-json\/wp\/v2\/media\/4939"}],"wp:attachment":[{"href":"https:\/\/www.lesjouetsvoyageurs.com\/location\/wp-json\/wp\/v2\/media?parent=3234"}],"wp:term":[{"taxonomy":"product_cat","embeddable":true,"href":"https:\/\/www.lesjouetsvoyageurs.com\/location\/wp-json\/wp\/v2\/product_cat?post=3234"},{"taxonomy":"product_tag","embeddable":true,"href":"https:\/\/www.lesjouetsvoyageurs.com\/location\/wp-json\/wp\/v2\/product_tag?post=3234"}],"curies":[{"name":"wp","href":"https:\/\/api.w.org\/{rel}","templated":true}]}}