{"id":3242,"date":"2020-12-16T19:21:05","date_gmt":"2020-12-16T17:21:05","guid":{"rendered":"https:\/\/www.lesjouetsvoyageurs.com\/?post_type=product&#038;p=3242"},"modified":"2023-03-30T13:11:41","modified_gmt":"2023-03-30T11:11:41","slug":"jeu-lacage-chenille-haba","status":"publish","type":"product","link":"https:\/\/www.lesjouetsvoyageurs.com\/location\/jouets\/jeu-lacage-chenille-haba\/","title":{"rendered":"Jeu de la\u00e7age chenille \u2013 Haba"},"content":{"rendered":"<p>En la\u00e7ant les diff\u00e9rentes plaquettes, on obtient une magnifique chenille aux couleurs de l&rsquo;arc-en-ciel. Une activit\u00e9 qui d\u00e9veloppe la concentration et la motricit\u00e9 fine des enfants ! Il y a deux mani\u00e8res de jouer : avec les 12 plaquettes de couleur ou avec les 12 plaquettes chiffr\u00e9es. Une bonne mani\u00e8re de se familiariser avec les couleurs et avec les chiffres \u00e0 partir de 3 ans.<\/p>\n<p>Envie d&rsquo;en savoir plus sur les engagements de la marque?<br \/>\n\ud83d\udc49 Consultez la pr\u00e9sentation de Haba.<\/p>\n<p><span style=\"font-size: 14.4px;\">\ud83d\udc95 Stimule la motricit\u00e9 fine et la coordination oeil-main.<\/span><\/p>\n<p>Un jeu \u00e0 proposer \u00e0 partir de 3 ans.<\/p>\n<p>LE PRIX ABONN\u00c9 C&rsquo;EST QUOI?<br \/>\nVous avez un coup de coeur pour un jouet propos\u00e9 \u00e0 la location?<br \/>\nNous vous proposons de garder chaque jouet lou\u00e9 \u00e0 un prix pr\u00e9f\u00e9rentiel, clairement indiqu\u00e9 sur chaque fiche.<\/p>\n","protected":false},"excerpt":{"rendered":"<p>Jeu de la\u00e7age d\u00e8s 3 ans<\/p>\n<p>\u2764 Une chenille aux couleurs de l&rsquo;arc-en-ciel \ud83c\udf08<br \/>\n\u2764 2 fa\u00e7ons de jouer : avec les couleurs ou les chiffres<br \/>\n\u2764 Stimule la motricit\u00e9 fine et la coordination oeil-main<\/p>\n","protected":false},"featured_media":3243,"template":"","meta":[],"product_cat":[15],"product_tag":[],"_links":{"self":[{"href":"https:\/\/www.lesjouetsvoyageurs.com\/location\/wp-json\/wp\/v2\/product\/3242"}],"collection":[{"href":"https:\/\/www.lesjouetsvoyageurs.com\/location\/wp-json\/wp\/v2\/product"}],"about":[{"href":"https:\/\/www.lesjouetsvoyageurs.com\/location\/wp-json\/wp\/v2\/types\/product"}],"wp:featuredmedia":[{"embeddable":true,"href":"https:\/\/www.lesjouetsvoyageurs.com\/location\/wp-json\/wp\/v2\/media\/3243"}],"wp:attachment":[{"href":"https:\/\/www.lesjouetsvoyageurs.com\/location\/wp-json\/wp\/v2\/media?parent=3242"}],"wp:term":[{"taxonomy":"product_cat","embeddable":true,"href":"https:\/\/www.lesjouetsvoyageurs.com\/location\/wp-json\/wp\/v2\/product_cat?post=3242"},{"taxonomy":"product_tag","embeddable":true,"href":"https:\/\/www.lesjouetsvoyageurs.com\/location\/wp-json\/wp\/v2\/product_tag?post=3242"}],"curies":[{"name":"wp","href":"https:\/\/api.w.org\/{rel}","templated":true}]}}