{"id":3245,"date":"2020-12-16T19:36:14","date_gmt":"2020-12-16T17:36:14","guid":{"rendered":"https:\/\/www.lesjouetsvoyageurs.com\/?post_type=product&#038;p=3245"},"modified":"2022-09-18T17:25:25","modified_gmt":"2022-09-18T15:25:25","slug":"toboggan-billes-dominos-poules-haba","status":"publish","type":"product","link":"https:\/\/www.lesjouetsvoyageurs.com\/location\/jouets\/toboggan-billes-dominos-poules-haba\/","title":{"rendered":"Toboggan \u00e0 billes \u2013 domino des poules Haba"},"content":{"rendered":"<p>Les boules roulent sur le toboggan, passent sous la porte du poulailler et font tomber les dominos poules !<\/p>\n<p>Envie d&rsquo;en savoir plus sur les engagements de la marque?<br \/>\n\ud83d\udc49 Consultez la pr\u00e9sentation de Haba.<\/p>\n<p><span style=\"font-size: 14.4px;\">\ud83d\udc95 Stimule la motricit\u00e9 fine et la coordination oeil-main.<\/span><\/p>\n<p>Un jeu \u00e0 proposer \u00e0 partir de 2 ans et jusque 8 ans.<\/p>\n<p>LE PRIX ABONN\u00c9 C&rsquo;EST QUOI?<br \/>\nVous avez un coup de coeur pour un jouet propos\u00e9 \u00e0 la location?<br \/>\nNous vous proposons de garder chaque jouet lou\u00e9 \u00e0 un prix pr\u00e9f\u00e9rentiel, clairement indiqu\u00e9 sur chaque fiche.<\/p>\n","protected":false},"excerpt":{"rendered":"<p>Circuit \u00e0 billes dominos des poules \ud83d\udc13<\/p>\n<p>\u2764 A partir de 2 ans et jusque 8 ans<br \/>\n\u2764 Une boule repr\u00e9sente le fermier, l&rsquo;autre le renard \ud83e\udd8a<br \/>\n\u2764 Stimule la motricit\u00e9 fine<\/p>\n","protected":false},"featured_media":3248,"template":"","meta":[],"product_cat":[15],"product_tag":[],"_links":{"self":[{"href":"https:\/\/www.lesjouetsvoyageurs.com\/location\/wp-json\/wp\/v2\/product\/3245"}],"collection":[{"href":"https:\/\/www.lesjouetsvoyageurs.com\/location\/wp-json\/wp\/v2\/product"}],"about":[{"href":"https:\/\/www.lesjouetsvoyageurs.com\/location\/wp-json\/wp\/v2\/types\/product"}],"wp:featuredmedia":[{"embeddable":true,"href":"https:\/\/www.lesjouetsvoyageurs.com\/location\/wp-json\/wp\/v2\/media\/3248"}],"wp:attachment":[{"href":"https:\/\/www.lesjouetsvoyageurs.com\/location\/wp-json\/wp\/v2\/media?parent=3245"}],"wp:term":[{"taxonomy":"product_cat","embeddable":true,"href":"https:\/\/www.lesjouetsvoyageurs.com\/location\/wp-json\/wp\/v2\/product_cat?post=3245"},{"taxonomy":"product_tag","embeddable":true,"href":"https:\/\/www.lesjouetsvoyageurs.com\/location\/wp-json\/wp\/v2\/product_tag?post=3245"}],"curies":[{"name":"wp","href":"https:\/\/api.w.org\/{rel}","templated":true}]}}