{"id":3249,"date":"2020-12-16T21:36:03","date_gmt":"2020-12-16T19:36:03","guid":{"rendered":"https:\/\/www.lesjouetsvoyageurs.com\/?post_type=product&#038;p=3249"},"modified":"2022-09-18T17:25:03","modified_gmt":"2022-09-18T15:25:03","slug":"blocs-construction-coburg-haba","status":"publish","type":"product","link":"https:\/\/www.lesjouetsvoyageurs.com\/location\/jouets\/blocs-construction-coburg-haba\/","title":{"rendered":"Blocs de construction Coburg \u2013 Haba"},"content":{"rendered":"<p>Un ensemble de 28 blocs \u00e0 empiler pour recr\u00e9er la ville de Coburg. Les petits architectes vont pouvoir laisser place \u00e0 leur cr\u00e9ativit\u00e9 !<\/p>\n<p>Envie d&rsquo;en savoir plus sur les engagements de la marque?<br \/>\n\ud83d\udc49 Consultez la pr\u00e9sentation de Haba.<\/p>\n<p><span style=\"font-size: 14.4px;\">\ud83d\udc95 Stimule la motricit\u00e9 fine et la coordination oeil-main.<\/span><\/p>\n<p>Un jeu \u00e0 proposer \u00e0 partir de 18 mois.<\/p>\n<p>LE PRIX ABONN\u00c9 C&rsquo;EST QUOI?<br \/>\nVous avez un coup de coeur pour un jouet propos\u00e9 \u00e0 la location?<br \/>\nNous vous proposons de garder chaque jouet lou\u00e9 \u00e0 un prix pr\u00e9f\u00e9rentiel, clairement indiqu\u00e9 sur chaque fiche.<\/p>\n","protected":false},"excerpt":{"rendered":"<p>Jeu de construction pour architectes en herbe<\/p>\n<p>\u2764 A partir de 18 mois<br \/>\n\u2764 Comprend des blocs sonores \ud83c\udfb5<br \/>\n\u2764 Fabriqu\u00e9 en Allemagne \ud83c\udde9\ud83c\uddea<\/p>\n","protected":false},"featured_media":3251,"template":"","meta":[],"product_cat":[15],"product_tag":[],"_links":{"self":[{"href":"https:\/\/www.lesjouetsvoyageurs.com\/location\/wp-json\/wp\/v2\/product\/3249"}],"collection":[{"href":"https:\/\/www.lesjouetsvoyageurs.com\/location\/wp-json\/wp\/v2\/product"}],"about":[{"href":"https:\/\/www.lesjouetsvoyageurs.com\/location\/wp-json\/wp\/v2\/types\/product"}],"wp:featuredmedia":[{"embeddable":true,"href":"https:\/\/www.lesjouetsvoyageurs.com\/location\/wp-json\/wp\/v2\/media\/3251"}],"wp:attachment":[{"href":"https:\/\/www.lesjouetsvoyageurs.com\/location\/wp-json\/wp\/v2\/media?parent=3249"}],"wp:term":[{"taxonomy":"product_cat","embeddable":true,"href":"https:\/\/www.lesjouetsvoyageurs.com\/location\/wp-json\/wp\/v2\/product_cat?post=3249"},{"taxonomy":"product_tag","embeddable":true,"href":"https:\/\/www.lesjouetsvoyageurs.com\/location\/wp-json\/wp\/v2\/product_tag?post=3249"}],"curies":[{"name":"wp","href":"https:\/\/api.w.org\/{rel}","templated":true}]}}