{"id":3252,"date":"2020-12-16T21:52:51","date_gmt":"2020-12-16T19:52:51","guid":{"rendered":"https:\/\/www.lesjouetsvoyageurs.com\/?post_type=product&#038;p=3252"},"modified":"2022-09-18T17:24:52","modified_gmt":"2022-09-18T15:24:52","slug":"blocs-de-construction-badrodach-haba","status":"publish","type":"product","link":"https:\/\/www.lesjouetsvoyageurs.com\/location\/jouets\/blocs-de-construction-badrodach-haba\/","title":{"rendered":"Blocs de construction Bad Rodach \u2013 Haba"},"content":{"rendered":"<p>Un ensemble de 18 blocs \u00e0 empiler pour recr\u00e9er la ville de Bad Rodach (c&rsquo;est l\u00e0 o\u00f9 se situe le fabricant de jouets Haba). Les petits architectes vont pouvoir laisser place \u00e0 leur cr\u00e9ativit\u00e9 !<\/p>\n<p>Envie d&rsquo;en savoir plus sur les engagements de la marque?<br \/>\n\ud83d\udc49 Consultez la pr\u00e9sentation de Haba.<\/p>\n<p><span style=\"font-size: 14.4px;\">\ud83d\udc95 Stimule la motricit\u00e9 fine et la coordination oeil-main.<\/span><\/p>\n<p>Un jeu \u00e0 proposer \u00e0 partir de 18 mois.<\/p>\n<p>LE PRIX ABONN\u00c9 C&rsquo;EST QUOI?<br \/>\nVous avez un coup de coeur pour un jouet propos\u00e9 \u00e0 la location?<br \/>\nNous vous proposons de garder chaque jouet lou\u00e9 \u00e0 un prix pr\u00e9f\u00e9rentiel, clairement indiqu\u00e9 sur chaque fiche.<\/p>\n","protected":false},"excerpt":{"rendered":"<p>Jeu de construction Bad Rodach pour architectes en herbe<\/p>\n<p>\u2764 A partir de 18 mois<br \/>\n\u2764 Comprend des blocs sonores \ud83c\udfb5<br \/>\n\u2764 Fabriqu\u00e9 en Allemagne \ud83c\udde9\ud83c\uddea<\/p>\n","protected":false},"featured_media":3254,"template":"","meta":[],"product_cat":[15],"product_tag":[],"_links":{"self":[{"href":"https:\/\/www.lesjouetsvoyageurs.com\/location\/wp-json\/wp\/v2\/product\/3252"}],"collection":[{"href":"https:\/\/www.lesjouetsvoyageurs.com\/location\/wp-json\/wp\/v2\/product"}],"about":[{"href":"https:\/\/www.lesjouetsvoyageurs.com\/location\/wp-json\/wp\/v2\/types\/product"}],"wp:featuredmedia":[{"embeddable":true,"href":"https:\/\/www.lesjouetsvoyageurs.com\/location\/wp-json\/wp\/v2\/media\/3254"}],"wp:attachment":[{"href":"https:\/\/www.lesjouetsvoyageurs.com\/location\/wp-json\/wp\/v2\/media?parent=3252"}],"wp:term":[{"taxonomy":"product_cat","embeddable":true,"href":"https:\/\/www.lesjouetsvoyageurs.com\/location\/wp-json\/wp\/v2\/product_cat?post=3252"},{"taxonomy":"product_tag","embeddable":true,"href":"https:\/\/www.lesjouetsvoyageurs.com\/location\/wp-json\/wp\/v2\/product_tag?post=3252"}],"curies":[{"name":"wp","href":"https:\/\/api.w.org\/{rel}","templated":true}]}}