{"id":3255,"date":"2020-12-16T22:03:00","date_gmt":"2020-12-16T20:03:00","guid":{"rendered":"https:\/\/www.lesjouetsvoyageurs.com\/?post_type=product&#038;p=3255"},"modified":"2025-04-20T09:48:07","modified_gmt":"2025-04-20T07:48:07","slug":"blocs-de-construction-prismes-haba","status":"publish","type":"product","link":"https:\/\/www.lesjouetsvoyageurs.com\/location\/jouets\/blocs-de-construction-prismes-haba\/","title":{"rendered":"Blocs de construction prismes Haba"},"content":{"rendered":"<p>Un ensemble de prismes Haba avec 13 cubes de bois comprenant tous une facette avec un prisme de couleur. Ils peuvent \u00eatre utilis\u00e9s seuls ou avec d&rsquo;autres blocs de construction Haba.<\/p>\n<p>Envie d&rsquo;en savoir plus sur les engagements de la marque?<br \/>\n\ud83d\udc49 Consultez la pr\u00e9sentation de Haba.<\/p>\n<p><span style=\"font-size: 14.4px;\">\ud83d\udc95 Des blocs originaux pour apporter une touche de couleur aux constructions de votre petit architecte en herbe.<\/span><\/p>\n<p>Un jeu \u00e0 proposer \u00e0 partir de 18 mois.<\/p>\n<p>LE PRIX ABONN\u00c9 C&rsquo;EST QUOI?<br \/>\nVous avez un coup de coeur pour un jouet propos\u00e9 \u00e0 la location?<br \/>\nNous vous proposons de garder chaque jouet lou\u00e9 \u00e0 un prix pr\u00e9f\u00e9rentiel, clairement indiqu\u00e9 sur chaque fiche.<\/p>\n","protected":false},"excerpt":{"rendered":"<p>Jeu de construction prismes pour architectes en herbe<\/p>\n<p>\u2764 A partir de 18 mois<br \/>\n\u2764 Facettes color\u00e9es sur chaque cube \ud83c\udf08<br \/>\n\u2764 Fabriqu\u00e9 en Allemagne \ud83c\udde9\ud83c\uddea<\/p>\n","protected":false},"featured_media":3257,"template":"","meta":[],"product_cat":[15],"product_tag":[],"_links":{"self":[{"href":"https:\/\/www.lesjouetsvoyageurs.com\/location\/wp-json\/wp\/v2\/product\/3255"}],"collection":[{"href":"https:\/\/www.lesjouetsvoyageurs.com\/location\/wp-json\/wp\/v2\/product"}],"about":[{"href":"https:\/\/www.lesjouetsvoyageurs.com\/location\/wp-json\/wp\/v2\/types\/product"}],"wp:featuredmedia":[{"embeddable":true,"href":"https:\/\/www.lesjouetsvoyageurs.com\/location\/wp-json\/wp\/v2\/media\/3257"}],"wp:attachment":[{"href":"https:\/\/www.lesjouetsvoyageurs.com\/location\/wp-json\/wp\/v2\/media?parent=3255"}],"wp:term":[{"taxonomy":"product_cat","embeddable":true,"href":"https:\/\/www.lesjouetsvoyageurs.com\/location\/wp-json\/wp\/v2\/product_cat?post=3255"},{"taxonomy":"product_tag","embeddable":true,"href":"https:\/\/www.lesjouetsvoyageurs.com\/location\/wp-json\/wp\/v2\/product_tag?post=3255"}],"curies":[{"name":"wp","href":"https:\/\/api.w.org\/{rel}","templated":true}]}}