{"id":3284,"date":"2020-12-16T23:31:28","date_gmt":"2020-12-16T21:31:28","guid":{"rendered":"https:\/\/www.lesjouetsvoyageurs.com\/?post_type=product&#038;p=3284"},"modified":"2022-09-18T17:22:29","modified_gmt":"2022-09-18T15:22:29","slug":"jeu-boules-ratatam","status":"publish","type":"product","link":"https:\/\/www.lesjouetsvoyageurs.com\/location\/jouets\/jeu-boules-ratatam\/","title":{"rendered":"Boules de p\u00e9tanque enfant Ratatam"},"content":{"rendered":"<p><span style=\"font-size: 14.4px;\">Un jeu de boules de p\u00e9tanque enfant, oui, mais \u00e0 paillettes ! Les 4 boules de p\u00e9tanque Ratatam (2 dor\u00e9es et 2 argent\u00e9es) sont accompagn\u00e9es d&rsquo;un cochonnet rose fluo et s&#8217;emm\u00e8nent partout dans leur pochon.<\/span><\/p>\n<p>\ud83d\udc49 Consultez la pr\u00e9sentation de Ratatam.<\/p>\n<p><span style=\"font-size: 14.4px;\">\ud83d\udc95\u00a0 Je tire ou je pointe?<\/span><\/p>\n<p>Pour les enfants \u00e0 partir de 3 ans.<\/p>\n<p>LE PRIX ABONN\u00c9 C&rsquo;EST QUOI?<br \/>\nVous avez un coup de coeur pour un jouet propos\u00e9 \u00e0 la location?<br \/>\nNous vous proposons de garder chaque jouet lou\u00e9 \u00e0 un prix pr\u00e9f\u00e9rentiel, clairement indiqu\u00e9 sur chaque fiche.<\/p>\n","protected":false},"excerpt":{"rendered":"<p>Jeu de p\u00e9tanque enfant Ratatam<\/p>\n<p>\u2764 A partir de 3 ans<br \/>\n\u2764 Boules \u00e0 paillettes \ud83c\udf1f<br \/>\n\u2764 Fabrication fran\u00e7aise \ud83c\uddeb\ud83c\uddf7<\/p>\n","protected":false},"featured_media":3285,"template":"","meta":[],"product_cat":[15],"product_tag":[],"_links":{"self":[{"href":"https:\/\/www.lesjouetsvoyageurs.com\/location\/wp-json\/wp\/v2\/product\/3284"}],"collection":[{"href":"https:\/\/www.lesjouetsvoyageurs.com\/location\/wp-json\/wp\/v2\/product"}],"about":[{"href":"https:\/\/www.lesjouetsvoyageurs.com\/location\/wp-json\/wp\/v2\/types\/product"}],"wp:featuredmedia":[{"embeddable":true,"href":"https:\/\/www.lesjouetsvoyageurs.com\/location\/wp-json\/wp\/v2\/media\/3285"}],"wp:attachment":[{"href":"https:\/\/www.lesjouetsvoyageurs.com\/location\/wp-json\/wp\/v2\/media?parent=3284"}],"wp:term":[{"taxonomy":"product_cat","embeddable":true,"href":"https:\/\/www.lesjouetsvoyageurs.com\/location\/wp-json\/wp\/v2\/product_cat?post=3284"},{"taxonomy":"product_tag","embeddable":true,"href":"https:\/\/www.lesjouetsvoyageurs.com\/location\/wp-json\/wp\/v2\/product_tag?post=3284"}],"curies":[{"name":"wp","href":"https:\/\/api.w.org\/{rel}","templated":true}]}}