{"id":3329,"date":"2020-12-17T14:34:25","date_gmt":"2020-12-17T12:34:25","guid":{"rendered":"https:\/\/www.lesjouetsvoyageurs.com\/?post_type=product&#038;p=3329"},"modified":"2023-10-20T14:41:14","modified_gmt":"2023-10-20T12:41:14","slug":"labyrinthe-magnetique-theme-arbre-haba","status":"publish","type":"product","link":"https:\/\/www.lesjouetsvoyageurs.com\/location\/jouets\/labyrinthe-magnetique-theme-arbre-haba\/","title":{"rendered":"Labyrinthe magn\u00e9tique Haba sur le th\u00e8me de l&rsquo;arbre"},"content":{"rendered":"<p>A l&rsquo;aide du stylet attach\u00e9, l&rsquo;enfant d\u00e9place les billes et les \u00e9l\u00e9ments du jeu pour d\u00e9placer les petites billes \u00e0 travers le parcours. Les petites billes rouges qui repr\u00e9sentent des pommes et les billes jaunes qui repr\u00e9sentent des poires doivent \u00eatre d\u00e9pos\u00e9es dans leur panier respectif. Les petites billes blanches sont des oeufs qu&rsquo;il faudra replacer dans le nid de l&rsquo;oiseau.<\/p>\n<p>Envie d&rsquo;en savoir plus sur les engagements de la marque?<br \/>\n\ud83d\udc49 Consultez la pr\u00e9sentation de Haba.<\/p>\n<p><span style=\"font-size: 14.4px;\">\ud83d\udc95 Une activit\u00e9 qui stimule la motricit\u00e9 fine et pr\u00e9pare l&rsquo;enfant pour l&rsquo;acquisition de l&rsquo;\u00e9criture.<\/span><\/p>\n<p>Attention, le jeu ne doit pas \u00eatre propos\u00e9 \u00e0 des enfants de moins de 18 mois pour \u00e9viter tout risque d&rsquo;\u00e9tranglement avec la cordelette qui relie le stylet magn\u00e9tique au puzzle.<\/p>\n<p>LE PRIX ABONN\u00c9 C&rsquo;EST QUOI?<br \/>\nVous avez un coup de coeur pour un jouet propos\u00e9 \u00e0 la location?<br \/>\nNous vous proposons de garder chaque jouet lou\u00e9 \u00e0 un prix pr\u00e9f\u00e9rentiel, clairement indiqu\u00e9 sur chaque fiche.<\/p>\n","protected":false},"excerpt":{"rendered":"<p>Labyrinthe magn\u00e9tique sur le th\u00e8me de l&rsquo;arbre \ud83c\udf33<\/p>\n<p>\u2764 Stimule la motricit\u00e9 fine et la concentration<br \/>\n\u2764 S&#8217;emm\u00e8ne facilement en d\u00e9placement \ud83d\ude97<br \/>\n\u2764 Convient aux enfants de 18 mois \u00e0 4 ans<\/p>\n","protected":false},"featured_media":3330,"template":"","meta":[],"product_cat":[15],"product_tag":[],"_links":{"self":[{"href":"https:\/\/www.lesjouetsvoyageurs.com\/location\/wp-json\/wp\/v2\/product\/3329"}],"collection":[{"href":"https:\/\/www.lesjouetsvoyageurs.com\/location\/wp-json\/wp\/v2\/product"}],"about":[{"href":"https:\/\/www.lesjouetsvoyageurs.com\/location\/wp-json\/wp\/v2\/types\/product"}],"wp:featuredmedia":[{"embeddable":true,"href":"https:\/\/www.lesjouetsvoyageurs.com\/location\/wp-json\/wp\/v2\/media\/3330"}],"wp:attachment":[{"href":"https:\/\/www.lesjouetsvoyageurs.com\/location\/wp-json\/wp\/v2\/media?parent=3329"}],"wp:term":[{"taxonomy":"product_cat","embeddable":true,"href":"https:\/\/www.lesjouetsvoyageurs.com\/location\/wp-json\/wp\/v2\/product_cat?post=3329"},{"taxonomy":"product_tag","embeddable":true,"href":"https:\/\/www.lesjouetsvoyageurs.com\/location\/wp-json\/wp\/v2\/product_tag?post=3329"}],"curies":[{"name":"wp","href":"https:\/\/api.w.org\/{rel}","templated":true}]}}