{"id":3332,"date":"2020-12-17T15:09:39","date_gmt":"2020-12-17T13:09:39","guid":{"rendered":"https:\/\/www.lesjouetsvoyageurs.com\/?post_type=product&#038;p=3332"},"modified":"2023-10-28T15:41:47","modified_gmt":"2023-10-28T13:41:47","slug":"labyrinthe-magnetique-theme-train-haba","status":"publish","type":"product","link":"https:\/\/www.lesjouetsvoyageurs.com\/location\/jouets\/labyrinthe-magnetique-theme-train-haba\/","title":{"rendered":"Labyrinthe magn\u00e9tique Haba sur le th\u00e8me du train"},"content":{"rendered":"<p>A l&rsquo;aide du stylet attach\u00e9, l&rsquo;enfant d\u00e9place les billes et les \u00e9l\u00e9ments du labyrinthe magn\u00e9tique Haba.<\/p>\n<p>Votre enfant doit d\u00e9placer les petites billes \u00e0 travers le parcours qui comprend une petite roue en son centre. Chaque petite bille de couleur doit retourner dans son wagon. Il y a entre 1 et 5 billes dans chaque wagon, ce qui permet de se familiariser avec les chiffres.<\/p>\n<p>Envie d&rsquo;en savoir plus sur les engagements de la marque?<br \/>\n\ud83d\udc49 Consultez la pr\u00e9sentation de Haba.<\/p>\n<p><span style=\"font-size: 14.4px;\">\ud83d\udc95 Une activit\u00e9 qui stimule la motricit\u00e9 fine et pr\u00e9pare l&rsquo;enfant pour l&rsquo;acquisition de l&rsquo;\u00e9criture.<\/span><\/p>\n<p>Attention, le jeu ne doit pas \u00eatre propos\u00e9 \u00e0 des enfants de moins de 18 mois pour \u00e9viter tout risque d&rsquo;\u00e9tranglement avec la cordelette qui relie le stylet magn\u00e9tique au puzzle.<\/p>\n<p>LE PRIX ABONN\u00c9 C&rsquo;EST QUOI?<br \/>\nVous avez un coup de coeur pour un jouet propos\u00e9 \u00e0 la location?<br \/>\nNous vous proposons de garder chaque jouet lou\u00e9 \u00e0 un prix pr\u00e9f\u00e9rentiel, clairement indiqu\u00e9 sur chaque fiche.<\/p>\n","protected":false},"excerpt":{"rendered":"<p>Labyrinthe magn\u00e9tique sur le th\u00e8me du train \ud83d\ude82<\/p>\n<p>\u2764 Permet de se familiariser avec les couleurs et les chiffres<br \/>\n\u2764 S&#8217;emm\u00e8ne facilement en d\u00e9placement \ud83d\ude97<br \/>\n\u2764 Convient aux enfants de 18 mois \u00e0 4 ans<\/p>\n","protected":false},"featured_media":3333,"template":"","meta":[],"product_cat":[15],"product_tag":[],"_links":{"self":[{"href":"https:\/\/www.lesjouetsvoyageurs.com\/location\/wp-json\/wp\/v2\/product\/3332"}],"collection":[{"href":"https:\/\/www.lesjouetsvoyageurs.com\/location\/wp-json\/wp\/v2\/product"}],"about":[{"href":"https:\/\/www.lesjouetsvoyageurs.com\/location\/wp-json\/wp\/v2\/types\/product"}],"wp:featuredmedia":[{"embeddable":true,"href":"https:\/\/www.lesjouetsvoyageurs.com\/location\/wp-json\/wp\/v2\/media\/3333"}],"wp:attachment":[{"href":"https:\/\/www.lesjouetsvoyageurs.com\/location\/wp-json\/wp\/v2\/media?parent=3332"}],"wp:term":[{"taxonomy":"product_cat","embeddable":true,"href":"https:\/\/www.lesjouetsvoyageurs.com\/location\/wp-json\/wp\/v2\/product_cat?post=3332"},{"taxonomy":"product_tag","embeddable":true,"href":"https:\/\/www.lesjouetsvoyageurs.com\/location\/wp-json\/wp\/v2\/product_tag?post=3332"}],"curies":[{"name":"wp","href":"https:\/\/api.w.org\/{rel}","templated":true}]}}