{"id":3336,"date":"2020-12-17T15:58:13","date_gmt":"2020-12-17T13:58:13","guid":{"rendered":"https:\/\/www.lesjouetsvoyageurs.com\/?post_type=product&#038;p=3336"},"modified":"2022-09-18T17:21:51","modified_gmt":"2022-09-18T15:21:51","slug":"animaux-ferme-enfiler-egmont","status":"publish","type":"product","link":"https:\/\/www.lesjouetsvoyageurs.com\/location\/jouets\/animaux-ferme-enfiler-egmont\/","title":{"rendered":"Animaux de la ferme \u00e0 enfiler &#8211; Egmont Toys"},"content":{"rendered":"<p>Cet ensemble comprend 11 \u00e9l\u00e9ments en bois peint sur le th\u00e8me de la ferme et un lacet. L&rsquo;enfant exerce sa motricit\u00e9 fine en enfilant les diff\u00e9rents \u00e9l\u00e9ments sur le lacet. A proposer \u00e0 partir de 18 mois.<\/p>\n<p>Envie d&rsquo;en savoir plus sur les engagements de la marque?<br \/>\n\ud83d\udc49 Consultez la pr\u00e9sentation de Egmont Toys.<\/p>\n<p><span style=\"font-size: 14.4px;\">\ud83d\udc95 Une activit\u00e9 qui stimule la motricit\u00e9 fine.<\/span><\/p>\n<p>LE PRIX ABONN\u00c9 C&rsquo;EST QUOI?<br \/>\nVous avez un coup de coeur pour un jouet propos\u00e9 \u00e0 la location?<br \/>\nNous vous proposons de garder chaque jouet lou\u00e9 \u00e0 un prix pr\u00e9f\u00e9rentiel, clairement indiqu\u00e9 sur chaque fiche.<\/p>\n","protected":false},"excerpt":{"rendered":"<p>Des animaux \u00e0 enfiler sur le th\u00e8me de la ferme<\/p>\n<p>\u2764 Permet de d\u00e9velopper la motricit\u00e9 fine<br \/>\n\u2764 Convient aux enfants \u00e0 partir de 18 mois<br \/>\n\u2764 Cordon de s\u00e9curit\u00e9 pour les petits<\/p>\n","protected":false},"featured_media":3337,"template":"","meta":[],"product_cat":[15],"product_tag":[],"_links":{"self":[{"href":"https:\/\/www.lesjouetsvoyageurs.com\/location\/wp-json\/wp\/v2\/product\/3336"}],"collection":[{"href":"https:\/\/www.lesjouetsvoyageurs.com\/location\/wp-json\/wp\/v2\/product"}],"about":[{"href":"https:\/\/www.lesjouetsvoyageurs.com\/location\/wp-json\/wp\/v2\/types\/product"}],"wp:featuredmedia":[{"embeddable":true,"href":"https:\/\/www.lesjouetsvoyageurs.com\/location\/wp-json\/wp\/v2\/media\/3337"}],"wp:attachment":[{"href":"https:\/\/www.lesjouetsvoyageurs.com\/location\/wp-json\/wp\/v2\/media?parent=3336"}],"wp:term":[{"taxonomy":"product_cat","embeddable":true,"href":"https:\/\/www.lesjouetsvoyageurs.com\/location\/wp-json\/wp\/v2\/product_cat?post=3336"},{"taxonomy":"product_tag","embeddable":true,"href":"https:\/\/www.lesjouetsvoyageurs.com\/location\/wp-json\/wp\/v2\/product_tag?post=3336"}],"curies":[{"name":"wp","href":"https:\/\/api.w.org\/{rel}","templated":true}]}}