{"id":3338,"date":"2020-12-17T16:14:02","date_gmt":"2020-12-17T14:14:02","guid":{"rendered":"https:\/\/www.lesjouetsvoyageurs.com\/?post_type=product&#038;p=3338"},"modified":"2022-09-19T22:37:34","modified_gmt":"2022-09-19T20:37:34","slug":"puzzle-dinosaures-egmont-toys","status":"publish","type":"product","link":"https:\/\/www.lesjouetsvoyageurs.com\/location\/jouets\/puzzle-dinosaures-egmont-toys\/","title":{"rendered":"Puzzle dinosaures Egmont Toys"},"content":{"rendered":"<p>6 dinosaures sont cach\u00e9s sous les coquilles. Le puzzle dinosaures peut \u00eatre propos\u00e9 \u00e0 partir de 18 mois.<\/p>\n<p>Envie d&rsquo;en savoir plus sur les engagements de la marque?<br \/>\n\ud83d\udc49 Consultez la pr\u00e9sentation de Egmont Toys.<\/p>\n<p><span style=\"font-size: 14.4px;\">\ud83d\udc95 Une activit\u00e9 qui stimule la motricit\u00e9 fine.<\/span><\/p>\n<p>LE PRIX ABONN\u00c9 C&rsquo;EST QUOI?<br \/>\nVous avez un coup de coeur pour un jouet propos\u00e9 \u00e0 la location?<br \/>\nNous vous proposons de garder chaque jouet lou\u00e9 \u00e0 un prix pr\u00e9f\u00e9rentiel, clairement indiqu\u00e9 sur chaque fiche.<\/p>\n","protected":false},"excerpt":{"rendered":"<p>Puzzle dinosaures d\u00e8s 18 mois<\/p>\n<p>\u2764 Permet de d\u00e9velopper la motricit\u00e9 fine<br \/>\n\u2764 Les dinosaures sont cach\u00e9s sous leur coquille<br \/>\n\u2764 Convient aux enfants \u00e0 partir de 18 mois<\/p>\n","protected":false},"featured_media":3340,"template":"","meta":[],"product_cat":[15],"product_tag":[],"_links":{"self":[{"href":"https:\/\/www.lesjouetsvoyageurs.com\/location\/wp-json\/wp\/v2\/product\/3338"}],"collection":[{"href":"https:\/\/www.lesjouetsvoyageurs.com\/location\/wp-json\/wp\/v2\/product"}],"about":[{"href":"https:\/\/www.lesjouetsvoyageurs.com\/location\/wp-json\/wp\/v2\/types\/product"}],"wp:featuredmedia":[{"embeddable":true,"href":"https:\/\/www.lesjouetsvoyageurs.com\/location\/wp-json\/wp\/v2\/media\/3340"}],"wp:attachment":[{"href":"https:\/\/www.lesjouetsvoyageurs.com\/location\/wp-json\/wp\/v2\/media?parent=3338"}],"wp:term":[{"taxonomy":"product_cat","embeddable":true,"href":"https:\/\/www.lesjouetsvoyageurs.com\/location\/wp-json\/wp\/v2\/product_cat?post=3338"},{"taxonomy":"product_tag","embeddable":true,"href":"https:\/\/www.lesjouetsvoyageurs.com\/location\/wp-json\/wp\/v2\/product_tag?post=3338"}],"curies":[{"name":"wp","href":"https:\/\/api.w.org\/{rel}","templated":true}]}}