{"id":3341,"date":"2020-12-17T16:20:54","date_gmt":"2020-12-17T14:20:54","guid":{"rendered":"https:\/\/www.lesjouetsvoyageurs.com\/?post_type=product&#038;p=3341"},"modified":"2022-09-18T17:21:27","modified_gmt":"2022-09-18T15:21:27","slug":"mallette-doutils-de-bricolage-en-bois-egmont-toys","status":"publish","type":"product","link":"https:\/\/www.lesjouetsvoyageurs.com\/location\/jouets\/mallette-doutils-de-bricolage-en-bois-egmont-toys\/","title":{"rendered":"Coffre \u00e0 outils pour enfants en bois"},"content":{"rendered":"<p>Un magnifique jouet d&rsquo;imitation en bois de tr\u00e8s belle qualit\u00e9. Ce coffre \u00e0 outils pour enfant en bois comprend tous les outils\u00a0 pour bricoler comme maman et papa !<\/p>\n<p>Envie d&rsquo;en savoir plus sur les engagements de la marque?<br \/>\n\ud83d\udc49 Consultez la pr\u00e9sentation de Egmont Toys.<\/p>\n<p><span style=\"font-size: 14.4px;\">\ud83d\udc95 Un coffre \u00e0 outils pour enfants en bois tr\u00e8s complet<\/span><\/p>\n<p>LE PRIX ABONN\u00c9 C&rsquo;EST QUOI?<br \/>\nVous avez un coup de coeur pour un jouet propos\u00e9 \u00e0 la location?<br \/>\nNous vous proposons de garder chaque jouet lou\u00e9 \u00e0 un prix pr\u00e9f\u00e9rentiel, clairement indiqu\u00e9 sur chaque fiche.<\/p>\n","protected":false},"excerpt":{"rendered":"<p>Coffre \u00e0 outils pour enfants en bois<\/p>\n<p>\u2764 Pour faire comme les grands<br \/>\n\u2764 10 outils pour visser, scier, clouer&#8230;<br \/>\n\u2764 Convient aux enfants \u00e0 partir de 3 ans<\/p>\n","protected":false},"featured_media":3343,"template":"","meta":[],"product_cat":[15],"product_tag":[],"_links":{"self":[{"href":"https:\/\/www.lesjouetsvoyageurs.com\/location\/wp-json\/wp\/v2\/product\/3341"}],"collection":[{"href":"https:\/\/www.lesjouetsvoyageurs.com\/location\/wp-json\/wp\/v2\/product"}],"about":[{"href":"https:\/\/www.lesjouetsvoyageurs.com\/location\/wp-json\/wp\/v2\/types\/product"}],"wp:featuredmedia":[{"embeddable":true,"href":"https:\/\/www.lesjouetsvoyageurs.com\/location\/wp-json\/wp\/v2\/media\/3343"}],"wp:attachment":[{"href":"https:\/\/www.lesjouetsvoyageurs.com\/location\/wp-json\/wp\/v2\/media?parent=3341"}],"wp:term":[{"taxonomy":"product_cat","embeddable":true,"href":"https:\/\/www.lesjouetsvoyageurs.com\/location\/wp-json\/wp\/v2\/product_cat?post=3341"},{"taxonomy":"product_tag","embeddable":true,"href":"https:\/\/www.lesjouetsvoyageurs.com\/location\/wp-json\/wp\/v2\/product_tag?post=3341"}],"curies":[{"name":"wp","href":"https:\/\/api.w.org\/{rel}","templated":true}]}}