{"id":3344,"date":"2020-12-17T16:29:02","date_gmt":"2020-12-17T14:29:02","guid":{"rendered":"https:\/\/www.lesjouetsvoyageurs.com\/?post_type=product&#038;p=3344"},"modified":"2023-10-21T13:42:58","modified_gmt":"2023-10-21T11:42:58","slug":"appareil-photo-bois-egmont-toys","status":"publish","type":"product","link":"https:\/\/www.lesjouetsvoyageurs.com\/location\/jouets\/appareil-photo-bois-egmont-toys\/","title":{"rendered":"Appareil photo en bois &#8211; Egmont Toys"},"content":{"rendered":"<p>Un super appareil photo en bois pour s&rsquo;imaginer grand reporter ! Le bouton s&rsquo;enfonce lorsqu&rsquo;on appuie dessus et le kaleidoscope amusera beaucoup les petits \u00e0 partir de 18 mois.<\/p>\n<p>Envie d&rsquo;en savoir plus sur les engagements de la marque?<br \/>\n\ud83d\udc49 Consultez la pr\u00e9sentation de Egmont Toys.<\/p>\n<p><span style=\"font-size: 14.4px;\">\ud83d\udc95 Clic-clac, c&rsquo;est dans la bo\u00eete !<\/span><\/p>\n<p>LE PRIX ABONN\u00c9 C&rsquo;EST QUOI?<br \/>\nVous avez un coup de coeur pour un jouet propos\u00e9 \u00e0 la location?<br \/>\nNous vous proposons de garder chaque jouet lou\u00e9 \u00e0 un prix pr\u00e9f\u00e9rentiel, clairement indiqu\u00e9 sur chaque fiche.<\/p>\n","protected":false},"excerpt":{"rendered":"<p>Un joli appareil photo en bois<\/p>\n<p>\u2764 Pour faire comme les grands<br \/>\n\u2764 L&rsquo;objectif est un kaleidoscope !<br \/>\n\u2764 Convient aux enfants \u00e0 partir de 18 mois<\/p>\n","protected":false},"featured_media":3345,"template":"","meta":[],"product_cat":[15],"product_tag":[],"_links":{"self":[{"href":"https:\/\/www.lesjouetsvoyageurs.com\/location\/wp-json\/wp\/v2\/product\/3344"}],"collection":[{"href":"https:\/\/www.lesjouetsvoyageurs.com\/location\/wp-json\/wp\/v2\/product"}],"about":[{"href":"https:\/\/www.lesjouetsvoyageurs.com\/location\/wp-json\/wp\/v2\/types\/product"}],"wp:featuredmedia":[{"embeddable":true,"href":"https:\/\/www.lesjouetsvoyageurs.com\/location\/wp-json\/wp\/v2\/media\/3345"}],"wp:attachment":[{"href":"https:\/\/www.lesjouetsvoyageurs.com\/location\/wp-json\/wp\/v2\/media?parent=3344"}],"wp:term":[{"taxonomy":"product_cat","embeddable":true,"href":"https:\/\/www.lesjouetsvoyageurs.com\/location\/wp-json\/wp\/v2\/product_cat?post=3344"},{"taxonomy":"product_tag","embeddable":true,"href":"https:\/\/www.lesjouetsvoyageurs.com\/location\/wp-json\/wp\/v2\/product_tag?post=3344"}],"curies":[{"name":"wp","href":"https:\/\/api.w.org\/{rel}","templated":true}]}}