{"id":3347,"date":"2020-12-17T16:36:52","date_gmt":"2020-12-17T14:36:52","guid":{"rendered":"https:\/\/www.lesjouetsvoyageurs.com\/?post_type=product&#038;p=3347"},"modified":"2025-04-02T21:16:55","modified_gmt":"2025-04-02T19:16:55","slug":"chariot-marche-bois-egmont-toys","status":"publish","type":"product","link":"https:\/\/www.lesjouetsvoyageurs.com\/location\/jouets\/chariot-marche-bois-egmont-toys\/","title":{"rendered":"Chariot de marche en bois &#8211; Egmont Toys"},"content":{"rendered":"<p>Un chariot en bois pour accompagner les premiers pas de b\u00e9b\u00e9. Plusieurs r\u00e9glages sont possibles pour qu&rsquo;il soit bien adapt\u00e9 \u00e0 la taille et aux progr\u00e8s de l&rsquo;enfant. Doudous et jouets trouveront leur place pour accompagner b\u00e9b\u00e9 dans ses d\u00e9placements.<\/p>\n<p>Envie d&rsquo;en savoir plus sur les engagements de la marque?<br \/>\n\ud83d\udc49 Consultez la pr\u00e9sentation de Egmont Toys.<\/p>\n<p><span style=\"font-size: 14.4px;\">\ud83d\udc95\u00a0 Pour accompagner les premiers pas de b\u00e9b\u00e9<\/span><\/p>\n<p>LE PRIX ABONN\u00c9 C&rsquo;EST QUOI?<br \/>\nVous avez un coup de coeur pour un jouet propos\u00e9 \u00e0 la location?<br \/>\nNous vous proposons de garder chaque jouet lou\u00e9 \u00e0 un prix pr\u00e9f\u00e9rentiel, clairement indiqu\u00e9 sur chaque fiche.<\/p>\n","protected":false},"excerpt":{"rendered":"<p>Un chariot de marche en bois<\/p>\n<p>\u2764 Accompagne les premiers pas de b\u00e9b\u00e9<br \/>\n\u2764 Plusieurs r\u00e9glages possible<br \/>\n\u2764 Fabriqu\u00e9 en Allemagne \ud83c\udde9\ud83c\uddea<\/p>\n","protected":false},"featured_media":3350,"template":"","meta":[],"product_cat":[15],"product_tag":[],"_links":{"self":[{"href":"https:\/\/www.lesjouetsvoyageurs.com\/location\/wp-json\/wp\/v2\/product\/3347"}],"collection":[{"href":"https:\/\/www.lesjouetsvoyageurs.com\/location\/wp-json\/wp\/v2\/product"}],"about":[{"href":"https:\/\/www.lesjouetsvoyageurs.com\/location\/wp-json\/wp\/v2\/types\/product"}],"wp:featuredmedia":[{"embeddable":true,"href":"https:\/\/www.lesjouetsvoyageurs.com\/location\/wp-json\/wp\/v2\/media\/3350"}],"wp:attachment":[{"href":"https:\/\/www.lesjouetsvoyageurs.com\/location\/wp-json\/wp\/v2\/media?parent=3347"}],"wp:term":[{"taxonomy":"product_cat","embeddable":true,"href":"https:\/\/www.lesjouetsvoyageurs.com\/location\/wp-json\/wp\/v2\/product_cat?post=3347"},{"taxonomy":"product_tag","embeddable":true,"href":"https:\/\/www.lesjouetsvoyageurs.com\/location\/wp-json\/wp\/v2\/product_tag?post=3347"}],"curies":[{"name":"wp","href":"https:\/\/api.w.org\/{rel}","templated":true}]}}