{"id":3852,"date":"2020-12-29T14:42:32","date_gmt":"2020-12-29T12:42:32","guid":{"rendered":"https:\/\/www.lesjouetsvoyageurs.com\/?post_type=product&#038;p=3852"},"modified":"2023-03-30T13:11:42","modified_gmt":"2023-03-30T11:11:42","slug":"mini-verger-jeu-voyage-haba","status":"publish","type":"product","link":"https:\/\/www.lesjouetsvoyageurs.com\/location\/jouets\/mini-verger-jeu-voyage-haba\/","title":{"rendered":"Mini Verger Haba &#8211; jeu de voyage d\u00e8s 3 ans"},"content":{"rendered":"<p>Mini Verger Haba est un jeu de soci\u00e9t\u00e9 \u00e0 emporter partout dans sa petite boite en m\u00e9tal. Il se joue \u00e0 2 joueurs ou plus de 3 \u00e0 8 ans. L&rsquo;objectif est de r\u00e9colter les fruits murs qui ont pouss\u00e9 dans le verger : prunes, pommes, poires et cerises. Mais le merle est bien d\u00e9cid\u00e9 \u00e0 profiter du festin lui aussi ! Les joueurs lancent le d\u00e9 pour pouvoir cueillir les fruits et les mettre dans le panier avant que le puzzle qui repr\u00e9sente le merle ne soit compl\u00e9t\u00e9.<\/p>\n<p>Envie d&rsquo;en savoir plus sur les engagements de la marque?<br \/>\n\ud83d\udc49 Consultez la pr\u00e9sentation de Haba.<\/p>\n<p><span style=\"font-size: 14.4px;\">\ud83d\udc95 Un jeu de voyage \u00e0 emmener partout !<br \/>\nDe 3 \u00e0 8 ans (contient des petites pi\u00e8ces qui peuvent \u00eatre ing\u00e9r\u00e9es).<\/span><\/p>\n<p>Un jeu de soci\u00e9t\u00e9 fabriqu\u00e9 en Allemagne.<\/p>\n<p>LE PRIX ABONN\u00c9 C&rsquo;EST QUOI?<br \/>\nVous avez un coup de coeur pour un jouet propos\u00e9 \u00e0 la location?<br \/>\nNous vous proposons de garder chaque jouet lou\u00e9 \u00e0 un prix pr\u00e9f\u00e9rentiel, clairement indiqu\u00e9 sur chaque fiche.<\/p>\n","protected":false},"excerpt":{"rendered":"<p>Un jeu coop\u00e9ratif \u00e0 partir de 3 ans<\/p>\n<p>\u2764 Des r\u00e8gles simples et des parties rapides<br \/>\n\u2764 S&#8217;emm\u00e8ne partout dans sa bo\u00eete en m\u00e9tal<br \/>\n\u2764 Peut se jouer jusque 8 ans<\/p>\n","protected":false},"featured_media":3853,"template":"","meta":[],"product_cat":[15],"product_tag":[],"_links":{"self":[{"href":"https:\/\/www.lesjouetsvoyageurs.com\/location\/wp-json\/wp\/v2\/product\/3852"}],"collection":[{"href":"https:\/\/www.lesjouetsvoyageurs.com\/location\/wp-json\/wp\/v2\/product"}],"about":[{"href":"https:\/\/www.lesjouetsvoyageurs.com\/location\/wp-json\/wp\/v2\/types\/product"}],"wp:featuredmedia":[{"embeddable":true,"href":"https:\/\/www.lesjouetsvoyageurs.com\/location\/wp-json\/wp\/v2\/media\/3853"}],"wp:attachment":[{"href":"https:\/\/www.lesjouetsvoyageurs.com\/location\/wp-json\/wp\/v2\/media?parent=3852"}],"wp:term":[{"taxonomy":"product_cat","embeddable":true,"href":"https:\/\/www.lesjouetsvoyageurs.com\/location\/wp-json\/wp\/v2\/product_cat?post=3852"},{"taxonomy":"product_tag","embeddable":true,"href":"https:\/\/www.lesjouetsvoyageurs.com\/location\/wp-json\/wp\/v2\/product_tag?post=3852"}],"curies":[{"name":"wp","href":"https:\/\/api.w.org\/{rel}","templated":true}]}}