{"id":3855,"date":"2020-12-29T15:08:32","date_gmt":"2020-12-29T13:08:32","guid":{"rendered":"https:\/\/www.lesjouetsvoyageurs.com\/?post_type=product&#038;p=3855"},"modified":"2022-09-18T17:19:38","modified_gmt":"2022-09-18T15:19:38","slug":"ile-aux-oursons-jeu-de-voyage-haba-des-4-ans","status":"publish","type":"product","link":"https:\/\/www.lesjouetsvoyageurs.com\/location\/jouets\/ile-aux-oursons-jeu-de-voyage-haba-des-4-ans\/","title":{"rendered":"L&rsquo;\u00eele aux oursons Haba &#8211; jeu de voyage d\u00e8s 4 ans"},"content":{"rendered":"<p>L&rsquo;\u00eele aux oursons Haba est un jeu de soci\u00e9t\u00e9 inspir\u00e9 du jeu des Petits Chevaux. Dans sa bo\u00eete en m\u00e9tal, il s&#8217;emporte facilement partout ! Pour remporter la partie, il faut atterrir sur son \u00eele avec ses 3 petits oursons. Pour d\u00e9placer les petits oursons, on fait tourner la roue fournie \u00e0 tour de r\u00f4le. Parfait pour 2 \u00e0 4 joueurs \u00e0 partir de 4 ans.<\/p>\n<p>Envie d&rsquo;en savoir plus sur les engagements de la marque?<br \/>\n\ud83d\udc49 Consultez la pr\u00e9sentation de Haba.<\/p>\n<p><span style=\"font-size: 14.4px;\">\ud83d\udc95 On adore cette version revisit\u00e9e de Petits Chevaux qui sent bon les vacances !<br \/>\nA proposer \u00e0 partir de 4 ans.<\/span><\/p>\n<p>Un jeu de soci\u00e9t\u00e9 fabriqu\u00e9 en Allemagne.<\/p>\n<p>LE PRIX ABONN\u00c9 C&rsquo;EST QUOI?<br \/>\nVous avez un coup de coeur pour un jouet propos\u00e9 \u00e0 la location?<br \/>\nNous vous proposons de garder chaque jouet lou\u00e9 \u00e0 un prix pr\u00e9f\u00e9rentiel, clairement indiqu\u00e9 sur chaque fiche.<\/p>\n","protected":false},"excerpt":{"rendered":"<p>Jeu de voyage \u00e0 partir de 4 ans<\/p>\n<p>\u2764 Inspir\u00e9 par le c\u00e9l\u00e8bre jeu des petits chevaux<br \/>\n\u2764 S&#8217;emm\u00e8ne partout dans sa bo\u00eete en m\u00e9tal<br \/>\n\u2764 Bo\u00eete aimant\u00e9e pour jouer m\u00eame en voiture ! \ud83d\ude97<\/p>\n","protected":false},"featured_media":3857,"template":"","meta":[],"product_cat":[15],"product_tag":[],"_links":{"self":[{"href":"https:\/\/www.lesjouetsvoyageurs.com\/location\/wp-json\/wp\/v2\/product\/3855"}],"collection":[{"href":"https:\/\/www.lesjouetsvoyageurs.com\/location\/wp-json\/wp\/v2\/product"}],"about":[{"href":"https:\/\/www.lesjouetsvoyageurs.com\/location\/wp-json\/wp\/v2\/types\/product"}],"wp:featuredmedia":[{"embeddable":true,"href":"https:\/\/www.lesjouetsvoyageurs.com\/location\/wp-json\/wp\/v2\/media\/3857"}],"wp:attachment":[{"href":"https:\/\/www.lesjouetsvoyageurs.com\/location\/wp-json\/wp\/v2\/media?parent=3855"}],"wp:term":[{"taxonomy":"product_cat","embeddable":true,"href":"https:\/\/www.lesjouetsvoyageurs.com\/location\/wp-json\/wp\/v2\/product_cat?post=3855"},{"taxonomy":"product_tag","embeddable":true,"href":"https:\/\/www.lesjouetsvoyageurs.com\/location\/wp-json\/wp\/v2\/product_tag?post=3855"}],"curies":[{"name":"wp","href":"https:\/\/api.w.org\/{rel}","templated":true}]}}