{"id":3862,"date":"2020-12-29T15:41:36","date_gmt":"2020-12-29T13:41:36","guid":{"rendered":"https:\/\/www.lesjouetsvoyageurs.com\/?post_type=product&#038;p=3862"},"modified":"2024-02-17T20:56:04","modified_gmt":"2024-02-17T18:56:04","slug":"jeu-course-memo-rally-trucks-haba","status":"publish","type":"product","link":"https:\/\/www.lesjouetsvoyageurs.com\/location\/jouets\/jeu-course-memo-rally-trucks-haba\/","title":{"rendered":"Jeu de course m\u00e9mo &#8211; Rallye trucks HABA"},"content":{"rendered":"<p><span style=\"font-size: 14.4px;\">Pour gagner la course de Rally Trucks Haba, il faudra faire preuve d&rsquo;une bonne m\u00e9moire&#8230; Il faut en effet m\u00e9moriser les symboles dispos\u00e9s autour du plateau de jeu pour pouvoir faire avancer son camion et remporter le jeu !<\/span><\/p>\n<p>\ud83d\udc49 Consultez la pr\u00e9sentation de Haba.<\/p>\n<p><span style=\"font-size: 14.4px;\">\ud83d\udc95 Associe un jeu de course et un jeu de m\u00e9mory.<br \/>\nA proposer \u00e0 partir de 5 ans.<\/span><\/p>\n<p>Un jeu de soci\u00e9t\u00e9 fabriqu\u00e9 en Allemagne.<br \/>\nContient 1 plateau de jeu, 18 tuiles m\u00e9mo, 4 pions et 1 r\u00e8gle de jeu.<\/p>\n<p>LE PRIX ABONN\u00c9 C&rsquo;EST QUOI?<br \/>\nVous avez un coup de coeur pour un jouet propos\u00e9 \u00e0 la location?<br \/>\nNous vous proposons de garder chaque jouet lou\u00e9 \u00e0 un prix pr\u00e9f\u00e9rentiel, clairement indiqu\u00e9 sur chaque fiche.<\/p>\n","protected":false},"excerpt":{"rendered":"<p>Jeu de soci\u00e9t\u00e9 \u00e0 partir de 5 ans<\/p>\n<p>\u2764 Un jeu de course palpitant<br \/>\n\u2764 D\u00e9veloppe la m\u00e9moire avec des cartes memory<br \/>\n\u2764 A proposer aux enfants d\u00e8s 5 ans<\/p>\n","protected":false},"featured_media":3863,"template":"","meta":[],"product_cat":[15],"product_tag":[],"_links":{"self":[{"href":"https:\/\/www.lesjouetsvoyageurs.com\/location\/wp-json\/wp\/v2\/product\/3862"}],"collection":[{"href":"https:\/\/www.lesjouetsvoyageurs.com\/location\/wp-json\/wp\/v2\/product"}],"about":[{"href":"https:\/\/www.lesjouetsvoyageurs.com\/location\/wp-json\/wp\/v2\/types\/product"}],"wp:featuredmedia":[{"embeddable":true,"href":"https:\/\/www.lesjouetsvoyageurs.com\/location\/wp-json\/wp\/v2\/media\/3863"}],"wp:attachment":[{"href":"https:\/\/www.lesjouetsvoyageurs.com\/location\/wp-json\/wp\/v2\/media?parent=3862"}],"wp:term":[{"taxonomy":"product_cat","embeddable":true,"href":"https:\/\/www.lesjouetsvoyageurs.com\/location\/wp-json\/wp\/v2\/product_cat?post=3862"},{"taxonomy":"product_tag","embeddable":true,"href":"https:\/\/www.lesjouetsvoyageurs.com\/location\/wp-json\/wp\/v2\/product_tag?post=3862"}],"curies":[{"name":"wp","href":"https:\/\/api.w.org\/{rel}","templated":true}]}}