{"id":3869,"date":"2020-12-29T16:21:48","date_gmt":"2020-12-29T14:21:48","guid":{"rendered":"https:\/\/www.lesjouetsvoyageurs.com\/?post_type=product&#038;p=3869"},"modified":"2023-03-23T17:07:07","modified_gmt":"2023-03-23T15:07:07","slug":"jeu-tresor-de-ronny-haba","status":"publish","type":"product","link":"https:\/\/www.lesjouetsvoyageurs.com\/location\/jouets\/jeu-tresor-de-ronny-haba\/","title":{"rendered":"Jeu memory d\u00e8s 5 ans &#8211; Le tr\u00e9sor de Ronny HABA"},"content":{"rendered":"<p><span style=\"font-size: 14.4px;\">Le tr\u00e9sor de Ronny est un jeu de m\u00e9mory et de tactique pour les enfants \u00e0 partir de 5 ans. <\/span><\/p>\n<p><span style=\"font-size: 14.4px;\">Ronny est un raton-laveur qui a perdu son butin : calices, joyaux, pi\u00e8ces en or et m\u00eame&#8230; des distributeurs \u00e0 savon en or ! Les enfants doivent l&rsquo;aider \u00e0 retrouver son tr\u00e9sor qui leur offrira des pierres pr\u00e9cieuses en r\u00e9compense.<\/span><\/p>\n<p>\ud83d\udc49 Consultez la pr\u00e9sentation de Haba.<\/p>\n<p><span style=\"font-size: 14.4px;\">\ud83d\udc95 L&rsquo;enfant d\u00e9cide s&rsquo;il souhaite continuer \u00e0 jouer pour gagner plus (avec le risque de tout perdre) ou de s&rsquo;arr\u00eater.<br \/>\nA proposer \u00e0 partir de 5 ans.<\/span><\/p>\n<p>Un jeu de soci\u00e9t\u00e9 fabriqu\u00e9 en Allemagne.<br \/>\nContient 1 figurine de Ronny, 16 cartes tr\u00e9sor, 1 carte de r\u00e9compense, 50 pierres pr\u00e9cieuses, 1 d\u00e9 et 1 r\u00e8gle du jeu.<\/p>\n<p>LE PRIX ABONN\u00c9 C&rsquo;EST QUOI?<br \/>\nVous avez un coup de coeur pour un jouet propos\u00e9 \u00e0 la location?<br \/>\nNous vous proposons de garder chaque jouet lou\u00e9 \u00e0 un prix pr\u00e9f\u00e9rentiel, clairement indiqu\u00e9 sur chaque fiche.<\/p>\n","protected":false},"excerpt":{"rendered":"<p>Jeu de soci\u00e9t\u00e9 \u00e0 partir de 5 ans<\/p>\n<p>\u2764 L&rsquo;enfant d\u00e9cide de prendre des risques (ou pas!)<br \/>\n\u2764 D\u00e9veloppe la m\u00e9moire de l&rsquo;enfant<br \/>\n\u2764 A proposer \u00e0 partir de 5 ans<\/p>\n","protected":false},"featured_media":3870,"template":"","meta":[],"product_cat":[15],"product_tag":[],"_links":{"self":[{"href":"https:\/\/www.lesjouetsvoyageurs.com\/location\/wp-json\/wp\/v2\/product\/3869"}],"collection":[{"href":"https:\/\/www.lesjouetsvoyageurs.com\/location\/wp-json\/wp\/v2\/product"}],"about":[{"href":"https:\/\/www.lesjouetsvoyageurs.com\/location\/wp-json\/wp\/v2\/types\/product"}],"wp:featuredmedia":[{"embeddable":true,"href":"https:\/\/www.lesjouetsvoyageurs.com\/location\/wp-json\/wp\/v2\/media\/3870"}],"wp:attachment":[{"href":"https:\/\/www.lesjouetsvoyageurs.com\/location\/wp-json\/wp\/v2\/media?parent=3869"}],"wp:term":[{"taxonomy":"product_cat","embeddable":true,"href":"https:\/\/www.lesjouetsvoyageurs.com\/location\/wp-json\/wp\/v2\/product_cat?post=3869"},{"taxonomy":"product_tag","embeddable":true,"href":"https:\/\/www.lesjouetsvoyageurs.com\/location\/wp-json\/wp\/v2\/product_tag?post=3869"}],"curies":[{"name":"wp","href":"https:\/\/api.w.org\/{rel}","templated":true}]}}