{"id":3967,"date":"2021-01-05T22:28:05","date_gmt":"2021-01-05T20:28:05","guid":{"rendered":"https:\/\/www.lesjouetsvoyageurs.com\/?post_type=product&#038;p=3967"},"modified":"2022-09-18T17:16:41","modified_gmt":"2022-09-18T15:16:41","slug":"cube-dactivites-everearth","status":"publish","type":"product","link":"https:\/\/www.lesjouetsvoyageurs.com\/location\/jouets\/cube-dactivites-everearth\/","title":{"rendered":"Cube d&rsquo;activit\u00e9s Everearth"},"content":{"rendered":"<p>Ce cube d&rsquo;activit\u00e9s Everearth tr\u00e8s complet pr\u00e9sente 7 faces. Il est parfait pour d\u00e9velopper la motricit\u00e9 fine, la reconnaissance des formes et la coordination oeil-main. Les couleurs utilis\u00e9es sont \u00e0 base d&rsquo;eau et parfaitement adapt\u00e9es pour les tout-petits. Un tr\u00e8s beau jouet en bois massif, certifi\u00e9 FSC comme tous les jouets en location, conform\u00e9ment \u00e0 <a href=\"https:\/\/www.lesjouetsvoyageurs.com\/location\/nos-engagements\/\">nos engagements<\/a> en mati\u00e8re de d\u00e9veloppement durable.<\/p>\n<p>Le cube pr\u00e9sente notamment une face avec un boulier, une face avec cinq formes \u00e0 encastrer et une face avec des engrenages.<\/p>\n<p>Envie d&rsquo;en savoir plus sur les engagements de la marque?<br \/>\n\ud83d\udc49 <a href=\"https:\/\/everearth-shop.eu\/#about-us\" target=\"_blank\" rel=\"noopener\">Consultez la pr\u00e9sentation de Everearth<\/a>.<\/p>\n<p><span style=\"font-size: 14.4px;\">\ud83d\udc95 Un jouet tr\u00e8s complet<\/span><\/p>\n<h2><span style=\"font-size: 80%;\">Le prix abonn\u00e9 du cube d&rsquo;activit\u00e9s Evereath, c&rsquo;est quoi?<\/span><\/h2>\n<p>Vous avez un coup de coeur pour un jouet propos\u00e9 \u00e0 la location?<br \/>\nNous vous proposons de garder chaque jouet lou\u00e9 \u00e0 un prix pr\u00e9f\u00e9rentiel, clairement indiqu\u00e9 sur chaque fiche.<\/p>\n","protected":false},"excerpt":{"rendered":"<p>Cube d&rsquo;activit\u00e9s Everearth<\/p>\n<p>\u2764 7 faces et autant d&rsquo;activit\u00e9s \u00e0 d\u00e9couvrir<br \/>\n\u2764 Bois massif FSC et couleurs \u00e0 base d&rsquo;eau<br \/>\n\u2764 Convient aux enfants \u00e0 partir de 12 mois<\/p>\n","protected":false},"featured_media":3968,"template":"","meta":[],"product_cat":[15],"product_tag":[],"_links":{"self":[{"href":"https:\/\/www.lesjouetsvoyageurs.com\/location\/wp-json\/wp\/v2\/product\/3967"}],"collection":[{"href":"https:\/\/www.lesjouetsvoyageurs.com\/location\/wp-json\/wp\/v2\/product"}],"about":[{"href":"https:\/\/www.lesjouetsvoyageurs.com\/location\/wp-json\/wp\/v2\/types\/product"}],"wp:featuredmedia":[{"embeddable":true,"href":"https:\/\/www.lesjouetsvoyageurs.com\/location\/wp-json\/wp\/v2\/media\/3968"}],"wp:attachment":[{"href":"https:\/\/www.lesjouetsvoyageurs.com\/location\/wp-json\/wp\/v2\/media?parent=3967"}],"wp:term":[{"taxonomy":"product_cat","embeddable":true,"href":"https:\/\/www.lesjouetsvoyageurs.com\/location\/wp-json\/wp\/v2\/product_cat?post=3967"},{"taxonomy":"product_tag","embeddable":true,"href":"https:\/\/www.lesjouetsvoyageurs.com\/location\/wp-json\/wp\/v2\/product_tag?post=3967"}],"curies":[{"name":"wp","href":"https:\/\/api.w.org\/{rel}","templated":true}]}}