{"id":3973,"date":"2021-01-05T23:14:06","date_gmt":"2021-01-05T21:14:06","guid":{"rendered":"https:\/\/www.lesjouetsvoyageurs.com\/?post_type=product&#038;p=3973"},"modified":"2022-09-18T17:15:41","modified_gmt":"2022-09-18T15:15:41","slug":"veilleuse-souple-baleine","status":"publish","type":"product","link":"https:\/\/www.lesjouetsvoyageurs.com\/location\/jouets\/veilleuse-souple-baleine\/","title":{"rendered":"Veilleuse souple Little L &#8211; Petite baleine"},"content":{"rendered":"<p>Cette veilleuse souple est parfaite pour accompagner les tout-petits au moment du coucher. La mati\u00e8re tr\u00e8s douce en fait un petit compagnon \u00e0 c\u00e2liner pour s&rsquo;endormir paisiblement. Deux modes lumineux sont disponibles, lumi\u00e8re naturelle ou couleurs changeantes.<\/p>\n<p>La veilleuse est livr\u00e9e charg\u00e9e et dispose d&rsquo;une autonomie d&rsquo;environ 12 heures \u00e0 pleine puissance. Un c\u00e2ble USB est fourni pour le rechargement. Cette veilleuse est \u00e9galement disponible \u00e0 la location dans la version <a href=\"https:\/\/www.lesjouetsvoyageurs.com\/location\/jouets\/veilleuse-souple-ours\/\">petit ours<\/a>.<\/p>\n<p>Envie d&rsquo;en savoir plus sur les engagements de la marque?<br \/>\n\ud83d\udc49 Consultez la pr\u00e9sentation de Little L.<\/p>\n<p><span style=\"font-size: 14.4px;\">\ud83d\udc95 Une veilleuse souple pour les tout petits<\/span><\/p>\n<p>LE PRIX ABONN\u00c9 C&rsquo;EST QUOI?<br \/>\nVous avez un coup de coeur pour un jouet propos\u00e9 \u00e0 la location?<br \/>\nNous vous proposons de garder chaque jouet lou\u00e9 \u00e0 un prix pr\u00e9f\u00e9rentiel, clairement indiqu\u00e9 sur chaque fiche.<\/p>\n","protected":false},"excerpt":{"rendered":"<p>Veilleuse souple petite baleine<\/p>\n<p>\u2764 Mati\u00e8re souple et douce au toucher<br \/>\n\u2764 Lumi\u00e8re apaisante pour accompagner le sommeil<br \/>\n\u2764 Convient aux enfants d\u00e8s la naissance<\/p>\n","protected":false},"featured_media":3974,"template":"","meta":[],"product_cat":[15],"product_tag":[],"_links":{"self":[{"href":"https:\/\/www.lesjouetsvoyageurs.com\/location\/wp-json\/wp\/v2\/product\/3973"}],"collection":[{"href":"https:\/\/www.lesjouetsvoyageurs.com\/location\/wp-json\/wp\/v2\/product"}],"about":[{"href":"https:\/\/www.lesjouetsvoyageurs.com\/location\/wp-json\/wp\/v2\/types\/product"}],"wp:featuredmedia":[{"embeddable":true,"href":"https:\/\/www.lesjouetsvoyageurs.com\/location\/wp-json\/wp\/v2\/media\/3974"}],"wp:attachment":[{"href":"https:\/\/www.lesjouetsvoyageurs.com\/location\/wp-json\/wp\/v2\/media?parent=3973"}],"wp:term":[{"taxonomy":"product_cat","embeddable":true,"href":"https:\/\/www.lesjouetsvoyageurs.com\/location\/wp-json\/wp\/v2\/product_cat?post=3973"},{"taxonomy":"product_tag","embeddable":true,"href":"https:\/\/www.lesjouetsvoyageurs.com\/location\/wp-json\/wp\/v2\/product_tag?post=3973"}],"curies":[{"name":"wp","href":"https:\/\/api.w.org\/{rel}","templated":true}]}}