{"id":3976,"date":"2021-01-05T23:33:48","date_gmt":"2021-01-05T21:33:48","guid":{"rendered":"https:\/\/www.lesjouetsvoyageurs.com\/?post_type=product&#038;p=3976"},"modified":"2023-05-19T10:07:33","modified_gmt":"2023-05-19T08:07:33","slug":"puzzle-tangram-bois","status":"publish","type":"product","link":"https:\/\/www.lesjouetsvoyageurs.com\/location\/jouets\/puzzle-tangram-bois\/","title":{"rendered":"Puzzle Tangram bois &#8211; Me&#038;Mine"},"content":{"rendered":"<p>Ce puzzle tangram bois est certifi\u00e9 FSC et mesure 18 cm de long. Il se compose de 7 pi\u00e8ces \u00e0 assembler pour reformer le carr\u00e9 d&rsquo;origine ou des formes choisies comme un chat ou une maisonnette. Chaque pi\u00e8ce de ce puzzle tangram bois est peinte \u00e0 la main avec des peintures \u00e9cologiques.<\/p>\n<p>A partir de 3 ans, ce jeu permet \u00e9galement de se familiariser avec les diff\u00e9rentes formes que sont le carr\u00e9, le triangle et le parall\u00e9logramme. Le tangram n\u00e9cessite \u00e9galement de faire preuve de concentration, de pers\u00e9v\u00e9rance et permet de d\u00e9velopper la perception spatiale.<\/p>\n<p>Envie d&rsquo;en savoir plus sur les engagements de la marque?<br \/>\n\ud83d\udc49 Consultez la pr\u00e9sentation de <a href=\"https:\/\/meandmineworld.com\/nosotras\/\" target=\"_blank\" rel=\"noopener\">Me&amp;Mine<\/a>.<\/p>\n<p><span style=\"font-size: 14.4px;\">\ud83d\udc95 Un puzzle tangram bois fabriqu\u00e9 de mani\u00e8re artisanale en Espagne et peint \u00e0 la main<\/span><\/p>\n<p>LE PRIX ABONN\u00c9 C&rsquo;EST QUOI?<br \/>\nVous avez un coup de coeur pour un jouet propos\u00e9 \u00e0 la location?<br \/>\nNous vous proposons de garder chaque jouet lou\u00e9 \u00e0 un prix pr\u00e9f\u00e9rentiel, clairement indiqu\u00e9 sur chaque fiche.<\/p>\n","protected":false},"excerpt":{"rendered":"<p>Tangram en bois de 18 cm de c\u00f4t\u00e9<\/p>\n<p>\u2764 Peint \u00e0 la main avec des peintures \u00e9cologiques<br \/>\n\u2764 Fabrication artisanale en Espagne<br \/>\n\u2764 D\u00e9veloppe le rep\u00e9rage spatial des enfants d\u00e8s 3 ans<\/p>\n","protected":false},"featured_media":3977,"template":"","meta":[],"product_cat":[15],"product_tag":[],"_links":{"self":[{"href":"https:\/\/www.lesjouetsvoyageurs.com\/location\/wp-json\/wp\/v2\/product\/3976"}],"collection":[{"href":"https:\/\/www.lesjouetsvoyageurs.com\/location\/wp-json\/wp\/v2\/product"}],"about":[{"href":"https:\/\/www.lesjouetsvoyageurs.com\/location\/wp-json\/wp\/v2\/types\/product"}],"wp:featuredmedia":[{"embeddable":true,"href":"https:\/\/www.lesjouetsvoyageurs.com\/location\/wp-json\/wp\/v2\/media\/3977"}],"wp:attachment":[{"href":"https:\/\/www.lesjouetsvoyageurs.com\/location\/wp-json\/wp\/v2\/media?parent=3976"}],"wp:term":[{"taxonomy":"product_cat","embeddable":true,"href":"https:\/\/www.lesjouetsvoyageurs.com\/location\/wp-json\/wp\/v2\/product_cat?post=3976"},{"taxonomy":"product_tag","embeddable":true,"href":"https:\/\/www.lesjouetsvoyageurs.com\/location\/wp-json\/wp\/v2\/product_tag?post=3976"}],"curies":[{"name":"wp","href":"https:\/\/api.w.org\/{rel}","templated":true}]}}